{"id":9,"date":"2020-01-30T09:36:48","date_gmt":"2020-01-30T08:36:48","guid":{"rendered":"https:\/\/www.malerei-christophersen.de\/?page_id=9"},"modified":"2023-05-10T15:20:01","modified_gmt":"2023-05-10T13:20:01","slug":"startseite","status":"publish","type":"page","link":"https:\/\/www.malerei-christophersen.de\/","title":{"rendered":"Startseite"},"content":{"rendered":"\n<h2 class=\"wp-block-heading has-text-align-center\">Der Maler aus Ladelund in Nordfriesland<\/h2>\n\n\n\n<p class=\"has-text-align-center\">Die Malerei Christophersen ist bereits seit fast 50 Jahren mit Fachkundiger Beratung f\u00fcr Sie in ganz Nordfriesland vor Ort.<br><\/p>\n\n\n\n<h2 class=\"wp-block-heading has-text-align-center\"> Leistungen<\/h2>\n\n\n\n<p class=\"has-text-align-center\"> Ob Maler- oder Lackierarbeiten, einen neuen Fassadenanstrich, den perfekten Fu\u00dfbodenbelag, Reparaturen der Glasscheiben zu Hause oder die Montage zukunftsweisender Raumdekorationen: Mit fast 50 Jahren Erfahrung bietet Malerei Christophersen Service mit Qualit\u00e4t. Kundenzufriedenheit wird bei uns gro\u00dfgeschrieben! <\/p>\n\n\n\n<div class=\"alignfull wp-block-ugb-feature-grid ugb-feature-grid ugb-db16351 ugb-feature-grid--v2 ugb-feature-grid--columns-4 ugb-feature-grid--design-basic ugb-main-block ugb-main-block--inner-full ugb--has-block-background\"><style>.ugb-db16351 .ugb-feature-grid__item{border-radius:12px !important}.ugb-db16351 .ugb-feature-grid__title{font-size:25px !important;font-weight:500 !important}.ugb-db16351 .ugb-feature-grid__description{margin-bottom:22px !important}.ugb-db16351 .ugb-button .ugb-button--inner{color:#cf2e2e !important}.ugb-db16351 .ugb-button{border-color:#cf2e2e !important;padding-top:8px;padding-right:37px;padding-bottom:8px;padding-left:37px;border-radius:100px !important}.ugb-db16351 .ugb-button:hover{background-color:#cf2e2e !important;opacity:1}.ugb-db16351 .ugb-button:hover .ugb-button--inner{color:#ffffff !important}.ugb-db16351 .ugb-button:before{content:\"\";background-image:linear-gradient(90deg,#cf2e2e,#cf2e2e);border-radius:100px !important}.ugb-db16351 .ugb-button-container{margin-bottom:0px !important}.ugb-db16351 .ugb-feature-grid__image{margin-bottom:40px !important}.ugb-db16351 .ugb-block-title{font-weight:500 !important}.ugb-db16351 .ugb-block-description{margin-bottom:50px !important}<\/style><div class=\"ugb-inner-block ugb-inner-block--full\"><div class=\"ugb-block-content\"><div class=\"ugb-feature-grid__item ugb-feature-grid__item1 ugb--shadow-5\"><div class=\"ugb-feature-grid__image\"><img loading=\"lazy\" decoding=\"async\" width=\"500\" height=\"375\" class=\"ugb-img wp-image-100\" src=\"https:\/\/www.malerei-christophersen.de\/wp-content\/uploads\/2020\/01\/boden.png\" alt=\"Title\" title=\"\" srcset=\"https:\/\/www.malerei-christophersen.de\/wp-content\/uploads\/2020\/01\/boden.png 500w, https:\/\/www.malerei-christophersen.de\/wp-content\/uploads\/2020\/01\/boden-300x225.png 300w\" sizes=\"auto, (max-width: 500px) 100vw, 500px\" \/><\/div><div class=\"ugb-feature-grid__content\"><h5 class=\"ugb-feature-grid__title\">Bodenbel\u00e4ge<\/h5><p class=\"ugb-feature-grid__description\">Sie ben\u00f6tigen einen neuen Bodenbelag? Egal ob Teppich, Designbelag oder Parkett \u2013 holen Sie sich Hilfe vom Experten. Jetzt Experten-Beratung einholen!  <\/p><div class=\"ugb-button-container\"><a class=\"ugb-button ugb-button--size-small ugb-button--ghost-to-normal-effect ugb--hover-effect-scale-more ugb-button--design-ghost\" href=\"https:\/\/www.malerei-christophersen.de\/?page_id=140\" rel=\"\" title=\"\"><span class=\"ugb-button--inner\">Weiterlesen<\/span><\/a><\/div><\/div><\/div><div class=\"ugb-feature-grid__item ugb-feature-grid__item2 ugb--shadow-5\"><div class=\"ugb-feature-grid__image\"><img loading=\"lazy\" decoding=\"async\" width=\"500\" height=\"375\" class=\"ugb-img wp-image-101\" src=\"https:\/\/www.malerei-christophersen.de\/wp-content\/uploads\/2020\/01\/maler.png\" alt=\"Title\" title=\"\" srcset=\"https:\/\/www.malerei-christophersen.de\/wp-content\/uploads\/2020\/01\/maler.png 500w, https:\/\/www.malerei-christophersen.de\/wp-content\/uploads\/2020\/01\/maler-300x225.png 300w\" sizes=\"auto, (max-width: 500px) 100vw, 500px\" \/><\/div><div class=\"ugb-feature-grid__content\"><h5 class=\"ugb-feature-grid__title\">Malerarbeiten<\/h5><p class=\"ugb-feature-grid__description\"> Mit moderner Oberfl\u00e4chengestaltung gelingt es uns, Ihr Domizil zum Leben zu erwecken. \u2013 \u00fcberzeugen Sie sich jetzt!<\/p><div class=\"ugb-button-container\"><a class=\"ugb-button ugb-button--size-small ugb-button--ghost-to-normal-effect ugb--hover-effect-scale-more ugb-button--design-ghost\" href=\"https:\/\/www.malerei-christophersen.de\/?page_id=207\" rel=\"\" title=\"\"><span class=\"ugb-button--inner\">Weiterlesen<\/span><\/a><\/div><\/div><\/div><div class=\"ugb-feature-grid__item ugb-feature-grid__item3 ugb--shadow-5\"><div class=\"ugb-feature-grid__image\"><img loading=\"lazy\" decoding=\"async\" width=\"499\" height=\"374\" class=\"ugb-img wp-image-102\" src=\"https:\/\/www.malerei-christophersen.de\/wp-content\/uploads\/2020\/01\/sonne-e1580386992118.jpg\" alt=\"Title\" title=\"\" srcset=\"https:\/\/www.malerei-christophersen.de\/wp-content\/uploads\/2020\/01\/sonne-e1580386992118.jpg 499w, https:\/\/www.malerei-christophersen.de\/wp-content\/uploads\/2020\/01\/sonne-e1580386992118-300x225.jpg 300w\" sizes=\"auto, (max-width: 499px) 100vw, 499px\" \/><\/div><div class=\"ugb-feature-grid__content\"><h5 class=\"ugb-feature-grid__title\">Sonnen- und Insektenschutz<\/h5><p class=\"ugb-feature-grid__description\">Eine gro\u00dfe Auswahl an Plissees, Jalousien oder Rollos bieten unsere Kollektionen. Oder brauchen Sie einen Insektenschutz? Kein Problem- fragen Sie uns!<\/p><div class=\"ugb-button-container\"><a class=\"ugb-button ugb-button--size-small ugb-button--ghost-to-normal-effect ugb--hover-effect-scale-more ugb-button--design-ghost\" href=\"https:\/\/www.malerei-christophersen.de\/?page_id=464\" rel=\"\" title=\"\"><span class=\"ugb-button--inner\">Weiterlesen<\/span><\/a><\/div><\/div><\/div><div class=\"ugb-feature-grid__item ugb-feature-grid__item4 ugb--shadow-5\"><div class=\"ugb-feature-grid__image\"><img loading=\"lazy\" decoding=\"async\" width=\"379\" height=\"270\" class=\"ugb-img wp-image-103\" src=\"https:\/\/www.malerei-christophersen.de\/wp-content\/uploads\/2020\/01\/glas.png\" alt=\"Glasarbeiten\" title=\"\" srcset=\"https:\/\/www.malerei-christophersen.de\/wp-content\/uploads\/2020\/01\/glas.png 379w, https:\/\/www.malerei-christophersen.de\/wp-content\/uploads\/2020\/01\/glas-300x214.png 300w\" sizes=\"auto, (max-width: 379px) 100vw, 379px\" \/><\/div><div class=\"ugb-feature-grid__content\"><h5 class=\"ugb-feature-grid__title\">Glasarbeiten<\/h5><p class=\"ugb-feature-grid__description\">Ihre Glasscheibe ist kaputt oder Sie haben einfach den Durchblick verloren? Wir sind Ihr kompetenter Partner bei Glas- und Spiegelbruch  <\/p><div class=\"ugb-button-container\"><a class=\"ugb-button ugb-button--size-small ugb-button--ghost-to-normal-effect ugb--hover-effect-scale-more ugb-button--design-ghost\" href=\"https:\/\/www.malerei-christophersen.de\/?page_id=176\" rel=\"\" title=\"\"><span class=\"ugb-button--inner\">Weiterlesen<\/span><\/a><\/div><\/div><\/div><\/div><\/div><\/div>\n\n\n\n<div class=\"alignfull wp-block-ugb-feature-grid ugb-feature-grid ugb-a01a551 ugb-feature-grid--v2 ugb-feature-grid--columns-2 ugb-feature-grid--design-basic ugb-main-block ugb-main-block--inner-full ugb--has-block-background\"><style>.ugb-a01a551 .ugb-feature-grid__item{border-radius:12px !important}.ugb-a01a551 .ugb-feature-grid__title{font-size:25px !important;font-weight:500 !important}.ugb-a01a551 .ugb-feature-grid__description{margin-bottom:22px !important}.ugb-a01a551 .ugb-button .ugb-button--inner{color:#cf2e2e !important}.ugb-a01a551 .ugb-button{border-color:#cf2e2e !important;padding-top:8px;padding-right:37px;padding-bottom:8px;padding-left:37px;border-radius:100px !important}.ugb-a01a551 .ugb-button:hover{background-color:#cf2e2e !important;opacity:1}.ugb-a01a551 .ugb-button:hover .ugb-button--inner{color:#ffffff !important}.ugb-a01a551 .ugb-button:before{content:\"\";background-image:linear-gradient(90deg,#cf2e2e,#cf2e2e);border-radius:100px !important}.ugb-a01a551 .ugb-button-container{margin-bottom:0px !important}.ugb-a01a551 .ugb-feature-grid__image{margin-bottom:40px !important}.ugb-a01a551 .ugb-block-title{font-weight:500 !important}.ugb-a01a551 .ugb-block-description{margin-bottom:50px !important}<\/style><div class=\"ugb-inner-block ugb-inner-block--full\"><div class=\"ugb-block-content\"><div class=\"ugb-feature-grid__item ugb-feature-grid__item1 ugb--shadow-5\"><div class=\"ugb-feature-grid__image\"><img loading=\"lazy\" decoding=\"async\" width=\"300\" height=\"225\" class=\"ugb-img wp-image-609\" src=\"https:\/\/www.malerei-christophersen.de\/wp-content\/uploads\/2021\/12\/Kunterbuntes-300x225.jpg\" alt=\"Kunterbuntes\" title=\"\" srcset=\"https:\/\/www.malerei-christophersen.de\/wp-content\/uploads\/2021\/12\/Kunterbuntes-300x225.jpg 300w, https:\/\/www.malerei-christophersen.de\/wp-content\/uploads\/2021\/12\/Kunterbuntes-1024x768.jpg 1024w, https:\/\/www.malerei-christophersen.de\/wp-content\/uploads\/2021\/12\/Kunterbuntes-768x576.jpg 768w, https:\/\/www.malerei-christophersen.de\/wp-content\/uploads\/2021\/12\/Kunterbuntes-1536x1152.jpg 1536w, https:\/\/www.malerei-christophersen.de\/wp-content\/uploads\/2021\/12\/Kunterbuntes-2048x1536.jpg 2048w\" sizes=\"auto, (max-width: 300px) 100vw, 300px\" \/><\/div><div class=\"ugb-feature-grid__content\"><h5 class=\"ugb-feature-grid__title\">Kunterbuntes<\/h5><p class=\"ugb-feature-grid__description\">Hier erfahren Sie Neuigkeiten und Wissenswertes zu Themen von Malerei Christophersen.<\/p><div class=\"ugb-button-container\"><a class=\"ugb-button ugb-button--size-small ugb-button--ghost-to-normal-effect ugb--hover-effect-scale-more ugb-button--design-ghost\" href=\"https:\/\/www.malerei-christophersen.de\/?page_id=599\" rel=\"\" title=\"\"><span class=\"ugb-button--inner\">Weiterlesen<\/span><\/a><\/div><\/div><\/div><div class=\"ugb-feature-grid__item ugb-feature-grid__item2 ugb--shadow-5\"><div class=\"ugb-feature-grid__image\"><img loading=\"lazy\" decoding=\"async\" width=\"300\" height=\"225\" class=\"ugb-img wp-image-610\" src=\"https:\/\/www.malerei-christophersen.de\/wp-content\/uploads\/2021\/12\/Tonstudio-300x225.jpg\" alt=\"Tonstudio\" title=\"\" srcset=\"https:\/\/www.malerei-christophersen.de\/wp-content\/uploads\/2021\/12\/Tonstudio-300x225.jpg 300w, https:\/\/www.malerei-christophersen.de\/wp-content\/uploads\/2021\/12\/Tonstudio-1024x768.jpg 1024w, https:\/\/www.malerei-christophersen.de\/wp-content\/uploads\/2021\/12\/Tonstudio-768x576.jpg 768w, https:\/\/www.malerei-christophersen.de\/wp-content\/uploads\/2021\/12\/Tonstudio-1536x1152.jpg 1536w, https:\/\/www.malerei-christophersen.de\/wp-content\/uploads\/2021\/12\/Tonstudio-2048x1536.jpg 2048w\" sizes=\"auto, (max-width: 300px) 100vw, 300px\" \/><\/div><div class=\"ugb-feature-grid__content\"><h5 class=\"ugb-feature-grid__title\">Tonstudio<\/h5><p class=\"ugb-feature-grid__description\">Sie suchen farbliche Anregungen f\u00fcr Ihr neues Projekt \u2013 dann schauen Sie In unser Tonstudio.<\/p><div class=\"ugb-button-container\"><a class=\"ugb-button ugb-button--size-small ugb-button--ghost-to-normal-effect ugb--hover-effect-scale-more ugb-button--design-ghost\" href=\"https:\/\/www.malerei-christophersen.de\/?page_id=575\" rel=\"\" title=\"\"><span class=\"ugb-button--inner\">Weiterlesen<\/span><\/a><\/div><\/div><\/div><\/div><\/div><\/div>\n\n\n<p><!--StartFragment--><\/p>\n\n\n<p><\/p>\n","protected":false},"excerpt":{"rendered":"<p>Der Maler aus Ladelund in Nordfriesland Die Malerei Christophersen ist bereits seit fast 50 Jahren mit Fachkundiger Beratung f\u00fcr Sie in ganz Nordfriesland vor Ort. Leistungen Ob Maler- oder Lackierarbeiten, einen neuen Fassadenanstrich, den perfekten Fu\u00dfbodenbelag, Reparaturen der Glasscheiben zu Hause oder die Montage zukunftsweisender Raumdekorationen: Mit fast 50 Jahren Erfahrung bietet Malerei Christophersen Service [&hellip;]<\/p>\n","protected":false},"author":2,"featured_media":0,"parent":0,"menu_order":0,"comment_status":"closed","ping_status":"closed","template":"","meta":{"_uag_custom_page_level_css":"","footnotes":""},"class_list":["post-9","page","type-page","status-publish","hentry"],"featured_image_urls_v2":{"full":"","thumbnail":"","medium":"","medium_large":"","large":"","1536x1536":"","2048x2048":""},"post_excerpt_stackable_v2":"<p>Der Maler aus Ladelund in Nordfriesland Die Malerei Christophersen ist bereits seit fast 50 Jahren mit Fachkundiger Beratung f\u00fcr Sie in ganz Nordfriesland vor Ort. Leistungen Ob Maler- oder Lackierarbeiten, einen neuen Fassadenanstrich, den perfekten Fu\u00dfbodenbelag, Reparaturen der Glasscheiben zu Hause oder die Montage zukunftsweisender Raumdekorationen: Mit fast 50 Jahren Erfahrung bietet Malerei Christophersen Service mit Qualit\u00e4t. Kundenzufriedenheit wird bei uns gro\u00dfgeschrieben! Bodenbel\u00e4geSie ben\u00f6tigen einen neuen Bodenbelag? Egal ob Teppich, Designbelag oder Parkett \u2013 holen Sie sich Hilfe vom Experten. Jetzt Experten-Beratung einholen! WeiterlesenMalerarbeiten Mit moderner Oberfl\u00e4chengestaltung gelingt es uns, Ihr Domizil zum Leben zu erwecken. \u2013 \u00fcberzeugen Sie sich&hellip;<\/p>\n","category_list_v2":"","author_info_v2":{"name":"Timo Christophersen","url":"https:\/\/www.malerei-christophersen.de\/?author=2"},"comments_num_v2":"0 comments","featured_image_src":null,"uagb_featured_image_src":{"full":false,"thumbnail":false,"medium":false,"medium_large":false,"large":false,"1536x1536":false,"2048x2048":false},"uagb_author_info":{"display_name":"Timo Christophersen","author_link":"https:\/\/www.malerei-christophersen.de\/?author=2"},"uagb_comment_info":0,"uagb_excerpt":"Der Maler aus Ladelund in Nordfriesland Die Malerei Christophersen ist bereits seit fast 50 Jahren mit Fachkundiger Beratung f\u00fcr Sie in ganz Nordfriesland vor Ort. Leistungen Ob Maler- oder Lackierarbeiten, einen neuen Fassadenanstrich, den perfekten Fu\u00dfbodenbelag, Reparaturen der Glasscheiben zu Hause oder die Montage zukunftsweisender Raumdekorationen: Mit fast 50 Jahren Erfahrung bietet Malerei Christophersen Service&hellip;","_links":{"self":[{"href":"https:\/\/www.malerei-christophersen.de\/index.php?rest_route=\/wp\/v2\/pages\/9","targetHints":{"allow":["GET"]}}],"collection":[{"href":"https:\/\/www.malerei-christophersen.de\/index.php?rest_route=\/wp\/v2\/pages"}],"about":[{"href":"https:\/\/www.malerei-christophersen.de\/index.php?rest_route=\/wp\/v2\/types\/page"}],"author":[{"embeddable":true,"href":"https:\/\/www.malerei-christophersen.de\/index.php?rest_route=\/wp\/v2\/users\/2"}],"replies":[{"embeddable":true,"href":"https:\/\/www.malerei-christophersen.de\/index.php?rest_route=%2Fwp%2Fv2%2Fcomments&post=9"}],"version-history":[{"count":67,"href":"https:\/\/www.malerei-christophersen.de\/index.php?rest_route=\/wp\/v2\/pages\/9\/revisions"}],"predecessor-version":[{"id":698,"href":"https:\/\/www.malerei-christophersen.de\/index.php?rest_route=\/wp\/v2\/pages\/9\/revisions\/698"}],"wp:attachment":[{"href":"https:\/\/www.malerei-christophersen.de\/index.php?rest_route=%2Fwp%2Fv2%2Fmedia&parent=9"}],"curies":[{"name":"wp","href":"https:\/\/api.w.org\/{rel}","templated":true}]}}