{"id":60,"date":"2020-01-30T11:53:07","date_gmt":"2020-01-30T10:53:07","guid":{"rendered":"https:\/\/www.malerei-christophersen.de\/?page_id=60"},"modified":"2026-03-11T08:18:58","modified_gmt":"2026-03-11T07:18:58","slug":"impressum","status":"publish","type":"page","link":"https:\/\/www.malerei-christophersen.de\/?page_id=60","title":{"rendered":"Impressum"},"content":{"rendered":"\n<h2 class=\"wp-block-heading\">Impressum &amp; Haftungsausschluss<\/h2>\n\n\n\n<h3 class=\"wp-block-heading\">Verantwortlich f\u00fcr den Inhalt:<\/h3>\n\n\n\n<p>\n\nMalerei Christophersen<br>\nTimo Christophersen<br><\/p>\n\n\n\n<h3 class=\"wp-block-heading\">Firmensitz\/ Adresse<\/h3>\n\n\n\n<p>\nDorfstra\u00dfe 36<br>\n25926 Ladelund<br>\nTel.: 04666\/490<br>\nFax: 04666\/444<br>\nE-Mail: info@malerei-christophersen.de<br><br>\nUmsatzsteuer-Identifikationsnummer: DE295778744<br><\/p>\n\n\n\n<h3 class=\"wp-block-heading\">Berufsrechtliche Regelungen<\/h3>\n\n\n\n<p>\nBetriebsinhaber: Timo Christophersen<br>\nMaler- und Lackierermeister (Bundesrepublik Deutschland)<br><\/p>\n\n\n\n<h3 class=\"wp-block-heading\">Zust\u00e4ndige Handwerkskammer<\/h3>\n\n\n\n<p>\nHandwerkskammer Flensburg<br>\nJohanniskirchhof 1-7<br>\n24937 Flensburg<br><br>\nTel. 0461\/866-0<br><\/p>\n\n\n\n<hr><br><br>\n<h2>Webdesign &#038; Entwicklung von <a href=\"https:\/\/www.nf-cloud.de\" target=\"_blank\">NF Cloud<\/a><\/h2>\nIhr Partner f\u00fcr IT-Support, Softwareentwicklung, Webdesign, Webhosting &#038; Wartung in Nordfriesland<br>\n<br>\n<a href=\"https:\/\/www.nf-cloud.de\" target=\"_blank\">www.nf-cloud.de<\/a><br>\n<br>\n<a href=\"http:\/\/www.nf-cloud.de\" target=\"_blank\" rel=\"noreferrer noopener\"><img decoding=\"async\" src=\"https:\/\/nf-cloud.de\/img\/logo.png\" width=\"250px\" alt=\"nf-cloud.de Webdesign und Webhosting in Nordfriesland\"\/><\/a>\n<br>\n<br><br><hr>\n\n\n\n<h1 class=\"wp-block-heading\">Haftungsausschluss<\/h1>\n\n\n\n<p><\/p>\n\n\n\n<p><\/p>\n\n\n\n<h2 class=\"wp-block-heading\">Inhalt des Onlineangebotes<\/h2>\n\n\n\n<p><\/p>\n\n\n\n<p>\n\tDer Autor \u00fcbernimmt keinerlei Gew\u00e4hr f\u00fcr die Aktualit\u00e4t, Korrektheit, \nVollst\u00e4ndigkeit oder Qualit\u00e4t der bereitgestellten Informationen. \nHaftungsanspr\u00fcche gegen den Autor, welche   \tsich auf Sch\u00e4den \nmaterieller oder ideeller Art beziehen, die durch die   \tNutzung oder \nNichtnutzung der dargebotenen Informationen bzw. durch die   \tNutzung \nfehlerhafter und unvollst\u00e4ndiger Informationen verursacht wurden,   \t\nsind grunds\u00e4tzlich ausgeschlossen, sofern seitens des Autors kein   \t\nnachweislich vors\u00e4tzliches oder grob fahrl\u00e4ssiges Verschulden vorliegt. <br>\n      Alle Angebote sind freibleibend und unverbindlich. Der Autor \nbeh\u00e4lt es sich   \tausdr\u00fccklich vor, Teile der Seiten oder das gesamte \nAngebot ohne gesonderte   \tAnk\u00fcndigung zu ver\u00e4ndern, zu erg\u00e4nzen, zu \nl\u00f6schen oder die Ver\u00f6ffentlichung   \tzeitweise oder endg\u00fcltig \neinzustellen.<br><\/p>\n\n\n\n<h2 class=\"wp-block-heading\">Verweise und Links<\/h2>\n\n\n\n<p><\/p>\n\n\n\n<p>\n\tBei direkten oder indirekten Verweisen   \tauf fremde Webseiten \n(&#8222;Hyperlinks&#8220;), die au\u00dferhalb des   \tVerantwortungsbereiches des Autors \nliegen, w\u00fcrde eine Haftungsverpflichtung   \tausschlie\u00dflich in dem Fall \nin Kraft treten, in dem der Autor von den   \tInhalten Kenntnis hat und \nes ihm technisch m\u00f6glich und zumutbar w\u00e4re, die   \tNutzung im Falle \nrechtswidriger Inhalte zu verhindern. <br>\n      Der Autor erkl\u00e4rt   \thiermit ausdr\u00fccklich, dass zum Zeitpunkt der \nLinksetzung keine illegalen   \tInhalte auf den zu verlinkenden Seiten \nerkennbar waren. Auf die aktuelle und   \tzuk\u00fcnftige Gestaltung, die \nInhalte oder die Urheberschaft der   \tverlinkten\/verkn\u00fcpften Seiten hat \nder Autor keinerlei Einfluss. Deshalb   \tdistanziert er sich hiermit \nausdr\u00fccklich von allen Inhalten aller verlinkten   \t\/verkn\u00fcpften Seiten,\n die nach der Linksetzung ver\u00e4ndert wurden. Diese   \tFeststellung gilt \nf\u00fcr alle innerhalb des eigenen Internetangebotes gesetzten   \tLinks und \nVerweise sowie f\u00fcr Fremdeintr\u00e4ge in vom Autor eingerichteten   \t\nG\u00e4steb\u00fcchern, Diskussionsforen, Linkverzeichnissen, Mailinglisten und in\n   \tallen anderen Formen von Datenbanken, auf deren Inhalt externe   \t\nSchreibzugriffe m\u00f6glich sind. F\u00fcr illegale, fehlerhafte oder \nunvollst\u00e4ndige   \tInhalte und insbesondere f\u00fcr Sch\u00e4den, die aus der \nNutzung oder Nichtnutzung   \tsolcherart dargebotener Informationen \nentstehen, haftet allein der Anbieter   \tder Seite, auf welche verwiesen\n wurde, nicht derjenige, der \u00fcber Links auf   \tdie jeweilige \nVer\u00f6ffentlichung lediglich verweist.<br><\/p>\n\n\n\n<h2 class=\"wp-block-heading\">Urheber- und Kennzeichenrecht<\/h2>\n\n\n\n<p><\/p>\n\n\n\n<p>Der Autor ist bestrebt, in   \tallen Publikationen die Urheberrechte \nder verwendeten Bilder, Grafiken,   \tTondokumente, Videosequenzen und \nTexte zu beachten, von ihm selbst erstellte   \tBilder, Grafiken, \nTondokumente, Videosequenzen und Texte zu nutzen oder auf   \tlizenzfreie\n Grafiken, Tondokumente, Videosequenzen und Texte   \tzur\u00fcckzugreifen. <br>\n      Alle innerhalb des Internetangebotes genannten und ggf.   \tdurch \nDritte gesch\u00fctzten Marken- und Warenzeichen unterliegen   \t\nuneingeschr\u00e4nkt den Bestimmungen des jeweils g\u00fcltigen Kennzeichenrechts \nund   \tden Besitzrechten der jeweiligen eingetragenen Eigent\u00fcmer. Allein\n aufgrund   \tder blo\u00dfen Nennung ist nicht der Schluss zu ziehen, dass \nMarkenzeichen nicht   \tdurch Rechte Dritter gesch\u00fctzt sind! <br>\n      Das Copyright f\u00fcr ver\u00f6ffentlichte,   \tvom Autor selbst erstellte \nObjekte bleibt allein beim Autor der Seiten. Eine   \tVervielf\u00e4ltigung \noder Verwendung solcher Grafiken, Tondokumente,   \tVideosequenzen und \nTexte in anderen elektronischen oder gedruckten   \tPublikationen ist \nohne ausdr\u00fcckliche Zustimmung des Autors nicht gestattet.<\/p>\n","protected":false},"excerpt":{"rendered":"<p>Impressum &amp; Haftungsausschluss Verantwortlich f\u00fcr den Inhalt: Malerei Christophersen Timo Christophersen Firmensitz\/ Adresse Dorfstra\u00dfe 36 25926 Ladelund Tel.: 04666\/490 Fax: 04666\/444 E-Mail: info@malerei-christophersen.de Umsatzsteuer-Identifikationsnummer: DE295778744 Berufsrechtliche Regelungen Betriebsinhaber: Timo Christophersen Maler- und Lackierermeister (Bundesrepublik Deutschland) Zust\u00e4ndige Handwerkskammer Handwerkskammer Flensburg Johanniskirchhof 1-7 24937 Flensburg Tel. 0461\/866-0 Webdesign &#038; Entwicklung von NF Cloud Ihr Partner f\u00fcr IT-Support, [&hellip;]<\/p>\n","protected":false},"author":1,"featured_media":0,"parent":0,"menu_order":0,"comment_status":"closed","ping_status":"closed","template":"","meta":{"_uag_custom_page_level_css":"","footnotes":""},"class_list":["post-60","page","type-page","status-publish","hentry"],"featured_image_urls_v2":{"full":"","thumbnail":"","medium":"","medium_large":"","large":"","1536x1536":"","2048x2048":""},"post_excerpt_stackable_v2":"<p>Impressum &amp; Haftungsausschluss Verantwortlich f\u00fcr den Inhalt: Malerei Christophersen Timo Christophersen Firmensitz\/ Adresse Dorfstra\u00dfe 36 25926 Ladelund Tel.: 04666\/490 Fax: 04666\/444 E-Mail: info@malerei-christophersen.de Umsatzsteuer-Identifikationsnummer: DE295778744 Berufsrechtliche Regelungen Betriebsinhaber: Timo Christophersen Maler- und Lackierermeister (Bundesrepublik Deutschland) Zust\u00e4ndige Handwerkskammer Handwerkskammer Flensburg Johanniskirchhof 1-7 24937 Flensburg Tel. 0461\/866-0 Webdesign &#038; Entwicklung von NF Cloud Ihr Partner f\u00fcr IT-Support, Softwareentwicklung, Webdesign, Webhosting &#038; Wartung in Nordfriesland www.nf-cloud.de Haftungsausschluss Inhalt des Onlineangebotes Der Autor \u00fcbernimmt keinerlei Gew\u00e4hr f\u00fcr die Aktualit\u00e4t, Korrektheit, Vollst\u00e4ndigkeit oder Qualit\u00e4t der bereitgestellten Informationen. Haftungsanspr\u00fcche gegen den Autor, welche sich auf Sch\u00e4den materieller oder ideeller Art beziehen, die durch die Nutzung oder&hellip;<\/p>\n","category_list_v2":"","author_info_v2":{"name":"admin","url":"https:\/\/www.malerei-christophersen.de\/?author=1"},"comments_num_v2":"0 comments","featured_image_src":null,"uagb_featured_image_src":{"full":false,"thumbnail":false,"medium":false,"medium_large":false,"large":false,"1536x1536":false,"2048x2048":false},"uagb_author_info":{"display_name":"admin","author_link":"https:\/\/www.malerei-christophersen.de\/?author=1"},"uagb_comment_info":0,"uagb_excerpt":"Impressum &amp; Haftungsausschluss Verantwortlich f\u00fcr den Inhalt: Malerei Christophersen Timo Christophersen Firmensitz\/ Adresse Dorfstra\u00dfe 36 25926 Ladelund Tel.: 04666\/490 Fax: 04666\/444 E-Mail: info@malerei-christophersen.de Umsatzsteuer-Identifikationsnummer: DE295778744 Berufsrechtliche Regelungen Betriebsinhaber: Timo Christophersen Maler- und Lackierermeister (Bundesrepublik Deutschland) Zust\u00e4ndige Handwerkskammer Handwerkskammer Flensburg Johanniskirchhof 1-7 24937 Flensburg Tel. 0461\/866-0 Webdesign &#038; Entwicklung von NF Cloud Ihr Partner f\u00fcr IT-Support,&hellip;","_links":{"self":[{"href":"https:\/\/www.malerei-christophersen.de\/index.php?rest_route=\/wp\/v2\/pages\/60","targetHints":{"allow":["GET"]}}],"collection":[{"href":"https:\/\/www.malerei-christophersen.de\/index.php?rest_route=\/wp\/v2\/pages"}],"about":[{"href":"https:\/\/www.malerei-christophersen.de\/index.php?rest_route=\/wp\/v2\/types\/page"}],"author":[{"embeddable":true,"href":"https:\/\/www.malerei-christophersen.de\/index.php?rest_route=\/wp\/v2\/users\/1"}],"replies":[{"embeddable":true,"href":"https:\/\/www.malerei-christophersen.de\/index.php?rest_route=%2Fwp%2Fv2%2Fcomments&post=60"}],"version-history":[{"count":12,"href":"https:\/\/www.malerei-christophersen.de\/index.php?rest_route=\/wp\/v2\/pages\/60\/revisions"}],"predecessor-version":[{"id":759,"href":"https:\/\/www.malerei-christophersen.de\/index.php?rest_route=\/wp\/v2\/pages\/60\/revisions\/759"}],"wp:attachment":[{"href":"https:\/\/www.malerei-christophersen.de\/index.php?rest_route=%2Fwp%2Fv2%2Fmedia&parent=60"}],"curies":[{"name":"wp","href":"https:\/\/api.w.org\/{rel}","templated":true}]}}