{"id":493,"date":"2021-04-15T14:05:45","date_gmt":"2021-04-15T12:05:45","guid":{"rendered":"https:\/\/www.malerei-christophersen.de\/?page_id=493"},"modified":"2021-04-16T10:01:39","modified_gmt":"2021-04-16T08:01:39","slug":"insektenschutz","status":"publish","type":"page","link":"https:\/\/www.malerei-christophersen.de\/?page_id=493","title":{"rendered":"Insektenschutz"},"content":{"rendered":"\n<div class=\"wp-block-ugb-container ugb-container ugb-508b566 ugb-container--v2 ugb-container--design-basic ugb-main-block\"><style>@media screen and (min-width:768px){.ugb-508b566-content-wrapper.ugb-container__content-wrapper{width:80% !important}}<\/style><div class=\"ugb-inner-block\"><div class=\"ugb-block-content\"><div class=\"ugb-container__wrapper ugb-508b566-wrapper\"><div class=\"ugb-container__side\"><div class=\"ugb-container__content-wrapper ugb-508b566-content-wrapper\">\n<h2 class=\"wp-block-heading\"><strong>Den Sommer unbeschwert genie\u00dfen. Auch in der Nacht<\/strong><\/h2>\n\n\n\n<p>In der sch\u00f6nsten Zeit des Jahres sind Sie so oft wie m\u00f6glich an der frischen Luft. Auch in der Nacht m\u00fcssen Sie nicht darauf verzichten: Dank der Insektenschutzgitter von Neher k\u00f6nnen Sie unbesorgt das Fenster offenlassen \u2013 M\u00fccken, Motten und Falter bleiben drau\u00dfen! Mit ma\u00dfgefertigten Insektenschutz-L\u00f6sungen verbessern Sie Ihre Lebensqualit\u00e4t und machen Schluss mit der l\u00e4stigen M\u00fcckenjagd. Die frische, k\u00fchle Luft l\u00e4sst Sie besser schlafen und Sie wachen erholt wieder auf<\/p>\n<\/div><\/div><\/div><\/div><\/div><\/div>\n\n\n\n<div class=\"alignfull wp-block-ugb-feature-grid ugb-feature-grid ugb-db16351 ugb-feature-grid--v2 ugb-feature-grid--columns-4 ugb-feature-grid--design-basic ugb-main-block ugb-main-block--inner-full ugb--has-block-background\"><style>.ugb-db16351 .ugb-feature-grid__item{border-radius:12px !important}.ugb-db16351 .ugb-img{width:250px;height:250px !important}.ugb-db16351 .ugb-img,.ugb-db16351 .ugb-feature-grid__image{margin-left:auto !important;margin-right:auto !important}.ugb-db16351 .ugb-feature-grid__title{font-size:20px !important;font-weight:500 !important;text-align:center}.ugb-db16351 .ugb-feature-grid__description{text-align:center;margin-bottom:22px !important}.ugb-db16351 .ugb-feature-grid__image{margin-bottom:40px !important}.ugb-db16351 .ugb-inner-block{text-align:center}.ugb-db16351 .ugb-block-title{font-weight:500 !important}.ugb-db16351 .ugb-block-description{margin-bottom:50px}<\/style><div class=\"ugb-inner-block ugb-inner-block--full\"><div class=\"ugb-block-content\"><div class=\"ugb-feature-grid__item ugb-feature-grid__item1 ugb--shadow-5\"><div class=\"ugb-feature-grid__image\"><img decoding=\"async\" class=\"ugb-img wp-image-497\" src=\"https:\/\/www.malerei-christophersen.de\/wp-content\/uploads\/2021\/04\/Spannrahmen-847x1024.jpg\" alt=\"Title\" width=\"250\" srcset=\"https:\/\/www.malerei-christophersen.de\/wp-content\/uploads\/2021\/04\/Spannrahmen-847x1024.jpg 847w, https:\/\/www.malerei-christophersen.de\/wp-content\/uploads\/2021\/04\/Spannrahmen-248x300.jpg 248w, https:\/\/www.malerei-christophersen.de\/wp-content\/uploads\/2021\/04\/Spannrahmen-768x928.jpg 768w, https:\/\/www.malerei-christophersen.de\/wp-content\/uploads\/2021\/04\/Spannrahmen.jpg 993w\" sizes=\"(max-width: 847px) 100vw, 847px\" \/><\/div><div class=\"ugb-feature-grid__content\"><h5 class=\"ugb-feature-grid__title\">DER <br>SPANNRAHMEN<\/h5><p class=\"ugb-feature-grid__description\">Mit \u00fcber 100 verschiedenen Einbauvarianten ist der Spannrahmen individuell einsetzbar, egal ob am Holz-, Kunststoff- oder Aluminiumfenster. Durch die zeitlose, unauff\u00e4llige Optik f\u00fcgt sich der Spannrahmen harmonisch in das Gesamtbild Ihres Hauses ein. Das praktisch unsichtbare Transpatec-Gewebe l\u00e4sst zudem sehr viel mehr Licht und Luft in Ihre R\u00e4ume als Standardgewebe. In der insektenarmen Jahreszeit lassen sich unsere Spannrahmen leicht demontieren und zur neuen \u201eSaison\u201c ebenso leicht wieder anbringen.<\/p><\/div><\/div><div class=\"ugb-feature-grid__item ugb-feature-grid__item2 ugb--shadow-5\"><div class=\"ugb-feature-grid__image\"><img decoding=\"async\" class=\"ugb-img wp-image-498\" src=\"https:\/\/www.malerei-christophersen.de\/wp-content\/uploads\/2021\/04\/Pendeltuer-759x1024.jpg\" alt=\"Title\" width=\"250\" srcset=\"https:\/\/www.malerei-christophersen.de\/wp-content\/uploads\/2021\/04\/Pendeltuer-759x1024.jpg 759w, https:\/\/www.malerei-christophersen.de\/wp-content\/uploads\/2021\/04\/Pendeltuer-222x300.jpg 222w, https:\/\/www.malerei-christophersen.de\/wp-content\/uploads\/2021\/04\/Pendeltuer-768x1037.jpg 768w, https:\/\/www.malerei-christophersen.de\/wp-content\/uploads\/2021\/04\/Pendeltuer.jpg 889w\" sizes=\"(max-width: 759px) 100vw, 759px\" \/><\/div><div class=\"ugb-feature-grid__content\"><h5 class=\"ugb-feature-grid__title\">DIE<br>PENDELT\u00dcR<\/h5><p class=\"ugb-feature-grid__description\">Die Pendelt\u00fcren lassen sich in beide Richtungen \u00f6ffnen, auch ohne, dass Sie eine Hand freihaben. Man muss sie nicht einmal hinter sich zu ziehen: Sie schlie\u00dft sehr leise, und zwar von selbst. Wie unsere Drehrahmen sind die Pendelt\u00fcren stabil und robust bei gleichzeitig geringer Einbautiefe und langer Lebensdauer. Mit wenigen einfachen Handgriffen k\u00f6nnen Sie bei Bedarf die T\u00fcr aus- und wieder einh\u00e4ngen.<\/p><\/div><\/div><div class=\"ugb-feature-grid__item ugb-feature-grid__item3 ugb--shadow-5\"><div class=\"ugb-feature-grid__image\"><img decoding=\"async\" class=\"ugb-img wp-image-503\" src=\"https:\/\/www.malerei-christophersen.de\/wp-content\/uploads\/2021\/04\/Schiebeanlage-1024x702.jpg\" alt=\"Title\" width=\"250\" srcset=\"https:\/\/www.malerei-christophersen.de\/wp-content\/uploads\/2021\/04\/Schiebeanlage-1024x702.jpg 1024w, https:\/\/www.malerei-christophersen.de\/wp-content\/uploads\/2021\/04\/Schiebeanlage-300x206.jpg 300w, https:\/\/www.malerei-christophersen.de\/wp-content\/uploads\/2021\/04\/Schiebeanlage-768x527.jpg 768w, https:\/\/www.malerei-christophersen.de\/wp-content\/uploads\/2021\/04\/Schiebeanlage.jpg 1200w\" sizes=\"(max-width: 1024px) 100vw, 1024px\" \/><\/div><div class=\"ugb-feature-grid__content\"><h5 class=\"ugb-feature-grid__title\">DIE <br>SCHIEBEANLAGE<\/h5><p class=\"ugb-feature-grid__description\">Die eleganten Insektenschutz- Schiebeanlagen werden haupts\u00e4chlich bei gro\u00dfen \u00d6ffnungen verwendet, z.B. bei Hebe-Schiebet\u00fcren, Stulp\u00f6ffnungen, Winterg\u00e4rten oder bei Balkon- und Terrassen\u00f6ffnungen. Hier kommen einfl\u00fcgelige, aber auch komplexe Anlagen mit bis zu sechs Fl\u00fcgeln zum Einsatz. Die trotz geringer Einbautiefe robusten Profile erm\u00f6glichen gro\u00dfe, zusammenh\u00e4ngende Gewebefl\u00e4chen f\u00fcr eine freie Sicht nach drau\u00dfen. Die leicht laufenden Anlagen lassen sich auf Wunsch mit Griffleisten oder Fu\u00df-Bedienmulden noch komfortabler nutzen. Als Durchlaufschutz haben wir auch Aufkleber und Sprossen im Programm.<\/p><\/div><\/div><div class=\"ugb-feature-grid__item ugb-feature-grid__item4 ugb--shadow-5\"><div class=\"ugb-feature-grid__image\"><img decoding=\"async\" class=\"ugb-img wp-image-504\" src=\"https:\/\/www.malerei-christophersen.de\/wp-content\/uploads\/2021\/04\/Drehrahmen-783x1024.jpg\" alt=\"Glasarbeiten\" width=\"250\" srcset=\"https:\/\/www.malerei-christophersen.de\/wp-content\/uploads\/2021\/04\/Drehrahmen-783x1024.jpg 783w, https:\/\/www.malerei-christophersen.de\/wp-content\/uploads\/2021\/04\/Drehrahmen-229x300.jpg 229w, https:\/\/www.malerei-christophersen.de\/wp-content\/uploads\/2021\/04\/Drehrahmen-768x1005.jpg 768w, https:\/\/www.malerei-christophersen.de\/wp-content\/uploads\/2021\/04\/Drehrahmen-1174x1536.jpg 1174w, https:\/\/www.malerei-christophersen.de\/wp-content\/uploads\/2021\/04\/Drehrahmen.jpg 1280w\" sizes=\"(max-width: 783px) 100vw, 783px\" \/><\/div><div class=\"ugb-feature-grid__content\"><h5 class=\"ugb-feature-grid__title\">DER<br>DREHRAHMEN<\/h5><p class=\"ugb-feature-grid__description\">Insektenschutz-Drehrahmen sind seit Jahrzehnten bew\u00e4hrte Klassiker an stark frequentierten T\u00fcren und Fenstern. Die Dreht\u00fcren sind bedienfreundlich, robust und stabil. Alle Scharniere und ergonomischen Griffe sind aus Metall, damit sie auch nach jahrelangem Gebrauch noch zuverl\u00e4ssig funktionieren und optisch ansprechend bleiben. Auf Wunsch statten wir Ihre Dreht\u00fcr mit einem T\u00fcrschlie\u00dfer oder einer Verriegelung aus.<\/p><\/div><\/div><\/div><\/div><\/div>\n\n\n\n<div class=\"alignfull wp-block-ugb-feature-grid ugb-feature-grid ugb-c2015bc ugb-feature-grid--v2 ugb-feature-grid--columns-4 ugb-feature-grid--design-basic ugb-main-block ugb-main-block--inner-full ugb--has-block-background\"><style>.ugb-c2015bc .ugb-feature-grid__item{border-radius:12px !important}.ugb-c2015bc .ugb-img{width:250px;height:250px !important}.ugb-c2015bc .ugb-feature-grid__title{font-size:20px !important;font-weight:500 !important}.ugb-c2015bc .ugb-feature-grid__description{margin-bottom:22px !important}.ugb-c2015bc .ugb-feature-grid__image{margin-bottom:40px !important}.ugb-c2015bc .ugb-block-title{font-weight:500 !important}.ugb-c2015bc .ugb-block-description{margin-bottom:50px}<\/style><div class=\"ugb-inner-block ugb-inner-block--full\"><div class=\"ugb-block-content\"><div class=\"ugb-feature-grid__item ugb-feature-grid__item1 ugb--shadow-5\"><div class=\"ugb-feature-grid__image\"><img decoding=\"async\" class=\"ugb-img wp-image-528\" src=\"https:\/\/www.malerei-christophersen.de\/wp-content\/uploads\/2021\/04\/Plissee-1024x767.jpg\" alt=\"Title\" width=\"250\" srcset=\"https:\/\/www.malerei-christophersen.de\/wp-content\/uploads\/2021\/04\/Plissee-1024x767.jpg 1024w, https:\/\/www.malerei-christophersen.de\/wp-content\/uploads\/2021\/04\/Plissee-300x225.jpg 300w, https:\/\/www.malerei-christophersen.de\/wp-content\/uploads\/2021\/04\/Plissee-768x575.jpg 768w, https:\/\/www.malerei-christophersen.de\/wp-content\/uploads\/2021\/04\/Plissee.jpg 1200w\" sizes=\"(max-width: 1024px) 100vw, 1024px\" \/><\/div><div class=\"ugb-feature-grid__content\"><h5 class=\"ugb-feature-grid__title\">DAS PLISSEE<\/h5><p class=\"ugb-feature-grid__description\">Platzsparend, kinderleicht und sicher: Das Insektenschutz-Plissee besticht durch eine au\u00dfergew\u00f6hnliche Optik, die sich an Sonnenschutz-Plissees orientiert. Seinen Namen verdankt es der Plissierung (Faltung) des witterungsbest\u00e4ndigen Gewebes. Es ben\u00f6tigt keinen Schwenkbereich und ist platzsparend einsetzbar. Das Plissee ist sehr robust, kinderleicht zu bedienen und schwellenfrei. Auch f\u00fcr gro\u00dfe \u00d6ffnungen gibt es L\u00f6sungen: Als zweifl\u00fcgeliges Element sind Breiten von 3,40 Meter bei einer H\u00f6he von 2,60 Meter problemlos m\u00f6glich. Mit seinem optionalen Montagerahmensystem ist es flexibel an die Einbausituation anpassbar.<\/p><\/div><\/div><div class=\"ugb-feature-grid__item ugb-feature-grid__item2 ugb--shadow-5\"><div class=\"ugb-feature-grid__image\"><img decoding=\"async\" class=\"ugb-img wp-image-529\" src=\"https:\/\/www.malerei-christophersen.de\/wp-content\/uploads\/2021\/04\/Fenster-Rollo-767x1024.jpg\" alt=\"Title\" width=\"250\" srcset=\"https:\/\/www.malerei-christophersen.de\/wp-content\/uploads\/2021\/04\/Fenster-Rollo-767x1024.jpg 767w, https:\/\/www.malerei-christophersen.de\/wp-content\/uploads\/2021\/04\/Fenster-Rollo-225x300.jpg 225w, https:\/\/www.malerei-christophersen.de\/wp-content\/uploads\/2021\/04\/Fenster-Rollo-768x1025.jpg 768w, https:\/\/www.malerei-christophersen.de\/wp-content\/uploads\/2021\/04\/Fenster-Rollo.jpg 899w\" sizes=\"(max-width: 767px) 100vw, 767px\" \/><\/div><div class=\"ugb-feature-grid__content\"><h5 class=\"ugb-feature-grid__title\">DAS FENSTER-ROLLO<\/h5><p class=\"ugb-feature-grid__description\">Unser Insektenschutz- Rollo ist komfortabel in der Anwendung und innovativ in der Technik. Seitliche B\u00fcrstenf\u00fchrungen verhindern ein Ausf\u00e4deln des Gewebes bei Wind. Die selbsthemmende Zugschiene bleibt durch ihre einstellbare Federkraft an jeder gew\u00fcnschten Stelle stehen. Die integrierte Bremse sorgt f\u00fcr ein kontrolliertes und sanftes Aufrollen des Gewebes. Nat\u00fcrlich l\u00e4sst sich auch das fast unsichtbare Transpatec-Gewebe beim Rollo einsetzen \u2013 so wird Ihr Rollo auch optisch ein Gewinn!<\/p><\/div><\/div><div class=\"ugb-feature-grid__item ugb-feature-grid__item3 ugb--shadow-5\"><div class=\"ugb-feature-grid__image\"><img decoding=\"async\" class=\"ugb-img wp-image-530\" src=\"https:\/\/www.malerei-christophersen.de\/wp-content\/uploads\/2021\/04\/Tuer-Rollo-1024x768.jpg\" alt=\"Title\" width=\"250\" srcset=\"https:\/\/www.malerei-christophersen.de\/wp-content\/uploads\/2021\/04\/Tuer-Rollo-1024x768.jpg 1024w, https:\/\/www.malerei-christophersen.de\/wp-content\/uploads\/2021\/04\/Tuer-Rollo-300x225.jpg 300w, https:\/\/www.malerei-christophersen.de\/wp-content\/uploads\/2021\/04\/Tuer-Rollo-768x576.jpg 768w, https:\/\/www.malerei-christophersen.de\/wp-content\/uploads\/2021\/04\/Tuer-Rollo-1536x1153.jpg 1536w, https:\/\/www.malerei-christophersen.de\/wp-content\/uploads\/2021\/04\/Tuer-Rollo.jpg 1919w\" sizes=\"(max-width: 1024px) 100vw, 1024px\" \/><\/div><div class=\"ugb-feature-grid__content\"><h5 class=\"ugb-feature-grid__title\">DAS T\u00dcR-ROLLO<\/h5><p class=\"ugb-feature-grid__description\">Von Hand oder elektrisch bedienbar: Neben manuell bedienbaren Rollos werden an T\u00fcren h\u00e4ufig auch elektrisch betriebene Rollos eingesetzt. Unsere leisen Elektro-Rollos sind f\u00fcr den Insektenschutz-Einsatz gerade auch an gro\u00dfen \u00d6ffnungen entwickelt worden. Der exklusive Schnelllauf-Motor verf\u00fcgt \u00fcber einen materialschonenden Soft-Anlauf und auch eine Soft-Bremse. Maximalen Komfort erhalten Sie durch bequeme Funkhandsender oder Wandbedienelemente. Dar\u00fcber hinaus lassen sich die Rollos z.B. auch an Haussteuerungen, Windw\u00e4chter oder Bewegungsmelder anschlie\u00dfen.<\/p><\/div><\/div><div class=\"ugb-feature-grid__item ugb-feature-grid__item4 ugb--shadow-5\"><div class=\"ugb-feature-grid__image\"><img decoding=\"async\" class=\"ugb-img wp-image-531\" src=\"https:\/\/www.malerei-christophersen.de\/wp-content\/uploads\/2021\/04\/Lichtschachtabdeckung-1024x767.jpg\" alt=\"Glasarbeiten\" width=\"250\" srcset=\"https:\/\/www.malerei-christophersen.de\/wp-content\/uploads\/2021\/04\/Lichtschachtabdeckung-1024x767.jpg 1024w, https:\/\/www.malerei-christophersen.de\/wp-content\/uploads\/2021\/04\/Lichtschachtabdeckung-300x225.jpg 300w, https:\/\/www.malerei-christophersen.de\/wp-content\/uploads\/2021\/04\/Lichtschachtabdeckung-768x575.jpg 768w, https:\/\/www.malerei-christophersen.de\/wp-content\/uploads\/2021\/04\/Lichtschachtabdeckung.jpg 1200w\" sizes=\"(max-width: 1024px) 100vw, 1024px\" \/><\/div><div class=\"ugb-feature-grid__content\"><h5 class=\"ugb-feature-grid__title\">DIE LICHTSCHACHT- <br>ABDECKUNG<\/h5><p class=\"ugb-feature-grid__description\">Machen Sie Ihre Kellerr\u00e4ume zu hellen, Nutz- und Hobbyr\u00e4umen: Die Profile sorgen zusammen mit dem robusten Edelstahlgewebe f\u00fcr eine sichere Abdichtung. Die formsch\u00f6ne Lichtschachtabdeckung wird mit wenigen Handgriffen auf den vorhandenen Kellerrost montiert. Die regensichere Variante verf\u00fcgt \u00fcber eine hochtransparente, trittsichere und bruchfeste Polycarbonatplatte und einen insektendichten L\u00fcftungskasten.<\/p><\/div><\/div><\/div><\/div><\/div>\n\n\n<div style=\"min-height: 285px;; \" class=\"ub_image_slider swiper-container wp-block-ub-image-slider\" id=\"ub_image_slider_d847b005-54af-4b28-b5ce-efe316c3dfcd\" data-swiper-data='{\"speed\":300,\"spaceBetween\":20,\"slidesPerView\":1,\"loop\":true,\"pagination\":{\"el\": \".swiper-pagination\" , \"type\": \"bullets\", \"clickable\":true},\"navigation\": {\"nextEl\": \".swiper-button-next\", \"prevEl\": \".swiper-button-prev\"}, \"keyboard\": { \"enabled\": true }, \"effect\": \"slide\",\"autoplay\":{\"delay\": 2000},\"simulateTouch\":false}'>\n            <div class=\"swiper-wrapper\"><figure class=\"swiper-slide\">\n                <img decoding=\"async\" src=\"https:\/\/www.malerei-christophersen.de\/wp-content\/uploads\/2021\/04\/neherlogo.png\" alt=\"\" style=\"height: 250px;; \">\n                <figcaption class=\"ub_image_slider_image_caption\"><\/figcaption>\n            <\/figure><figure class=\"swiper-slide\">\n                <img decoding=\"async\" src=\"https:\/\/www.malerei-christophersen.de\/wp-content\/uploads\/2021\/04\/Logo-Germania.png\" alt=\"\" style=\"height: 250px;; \">\n                <figcaption class=\"ub_image_slider_image_caption\"><\/figcaption>\n            <\/figure><figure class=\"swiper-slide\">\n                <img decoding=\"async\" src=\"https:\/\/www.malerei-christophersen.de\/wp-content\/uploads\/2021\/04\/Logo-Luxaflex.png\" alt=\"\" style=\"height: 250px;; \">\n                <figcaption class=\"ub_image_slider_image_caption\"><\/figcaption>\n            <\/figure><\/div>\n            <div class=\"swiper-pagination\"><\/div>\n            <div class=\"swiper-button-prev\"><\/div> <div class=\"swiper-button-next\"><\/div>\n        <\/div>","protected":false},"excerpt":{"rendered":"<p>Den Sommer unbeschwert genie\u00dfen. Auch in der Nacht In der sch\u00f6nsten Zeit des Jahres sind Sie so oft wie m\u00f6glich an der frischen Luft. Auch in der Nacht m\u00fcssen Sie nicht darauf verzichten: Dank der Insektenschutzgitter von Neher k\u00f6nnen Sie unbesorgt das Fenster offenlassen \u2013 M\u00fccken, Motten und Falter bleiben drau\u00dfen! Mit ma\u00dfgefertigten Insektenschutz-L\u00f6sungen verbessern [&hellip;]<\/p>\n","protected":false},"author":1,"featured_media":0,"parent":0,"menu_order":0,"comment_status":"closed","ping_status":"closed","template":"","meta":{"_uag_custom_page_level_css":"","footnotes":""},"class_list":["post-493","page","type-page","status-publish","hentry"],"featured_image_urls_v2":{"full":"","thumbnail":"","medium":"","medium_large":"","large":"","1536x1536":"","2048x2048":""},"post_excerpt_stackable_v2":"<p>Den Sommer unbeschwert genie\u00dfen. Auch in der Nacht In der sch\u00f6nsten Zeit des Jahres sind Sie so oft wie m\u00f6glich an der frischen Luft. Auch in der Nacht m\u00fcssen Sie nicht darauf verzichten: Dank der Insektenschutzgitter von Neher k\u00f6nnen Sie unbesorgt das Fenster offenlassen \u2013 M\u00fccken, Motten und Falter bleiben drau\u00dfen! Mit ma\u00dfgefertigten Insektenschutz-L\u00f6sungen verbessern Sie Ihre Lebensqualit\u00e4t und machen Schluss mit der l\u00e4stigen M\u00fcckenjagd. Die frische, k\u00fchle Luft l\u00e4sst Sie besser schlafen und Sie wachen erholt wieder auf DER SPANNRAHMENMit \u00fcber 100 verschiedenen Einbauvarianten ist der Spannrahmen individuell einsetzbar, egal ob am Holz-, Kunststoff- oder Aluminiumfenster. Durch die zeitlose,&hellip;<\/p>\n","category_list_v2":"","author_info_v2":{"name":"admin","url":"https:\/\/www.malerei-christophersen.de\/?author=1"},"comments_num_v2":"0 comments","featured_image_src":null,"uagb_featured_image_src":{"full":false,"thumbnail":false,"medium":false,"medium_large":false,"large":false,"1536x1536":false,"2048x2048":false},"uagb_author_info":{"display_name":"admin","author_link":"https:\/\/www.malerei-christophersen.de\/?author=1"},"uagb_comment_info":0,"uagb_excerpt":"Den Sommer unbeschwert genie\u00dfen. Auch in der Nacht In der sch\u00f6nsten Zeit des Jahres sind Sie so oft wie m\u00f6glich an der frischen Luft. Auch in der Nacht m\u00fcssen Sie nicht darauf verzichten: Dank der Insektenschutzgitter von Neher k\u00f6nnen Sie unbesorgt das Fenster offenlassen \u2013 M\u00fccken, Motten und Falter bleiben drau\u00dfen! Mit ma\u00dfgefertigten Insektenschutz-L\u00f6sungen verbessern&hellip;","_links":{"self":[{"href":"https:\/\/www.malerei-christophersen.de\/index.php?rest_route=\/wp\/v2\/pages\/493","targetHints":{"allow":["GET"]}}],"collection":[{"href":"https:\/\/www.malerei-christophersen.de\/index.php?rest_route=\/wp\/v2\/pages"}],"about":[{"href":"https:\/\/www.malerei-christophersen.de\/index.php?rest_route=\/wp\/v2\/types\/page"}],"author":[{"embeddable":true,"href":"https:\/\/www.malerei-christophersen.de\/index.php?rest_route=\/wp\/v2\/users\/1"}],"replies":[{"embeddable":true,"href":"https:\/\/www.malerei-christophersen.de\/index.php?rest_route=%2Fwp%2Fv2%2Fcomments&post=493"}],"version-history":[{"count":30,"href":"https:\/\/www.malerei-christophersen.de\/index.php?rest_route=\/wp\/v2\/pages\/493\/revisions"}],"predecessor-version":[{"id":565,"href":"https:\/\/www.malerei-christophersen.de\/index.php?rest_route=\/wp\/v2\/pages\/493\/revisions\/565"}],"wp:attachment":[{"href":"https:\/\/www.malerei-christophersen.de\/index.php?rest_route=%2Fwp%2Fv2%2Fmedia&parent=493"}],"curies":[{"name":"wp","href":"https:\/\/api.w.org\/{rel}","templated":true}]}}