{"id":464,"date":"2021-04-15T13:29:16","date_gmt":"2021-04-15T11:29:16","guid":{"rendered":"https:\/\/www.malerei-christophersen.de\/?page_id=464"},"modified":"2021-04-15T14:23:25","modified_gmt":"2021-04-15T12:23:25","slug":"sonnen-und-insektenschutz","status":"publish","type":"page","link":"https:\/\/www.malerei-christophersen.de\/?page_id=464","title":{"rendered":"Sonnen und Insektenschutz"},"content":{"rendered":"\n<div class=\"wp-block-group is-layout-flow wp-block-group-is-layout-flow\"><div class=\"wp-block-group__inner-container\"><\/div><\/div>\n\n\n\n<div class=\"alignfull wp-block-ugb-feature-grid ugb-feature-grid ugb-db16351 ugb-feature-grid--v2 ugb-feature-grid--columns-2 ugb-feature-grid--design-basic ugb-main-block ugb--has-custom-content-width ugb-main-block--inner-full ugb--has-block-background\"><style>.ugb-db16351 .ugb-feature-grid__item{border-radius:12px !important}.ugb-db16351 .ugb-img{width:350px;height:350px !important}.ugb-db16351 .ugb-feature-grid__title{font-size:34px !important;font-weight:500 !important}.ugb-db16351 .ugb-feature-grid__description{margin-bottom:22px !important}.ugb-db16351 .ugb-button .ugb-button--inner{color:#cf2e2e !important}.ugb-db16351 .ugb-button{border-color:#cf2e2e !important;padding-top:8px;padding-right:37px;padding-bottom:8px;padding-left:37px;border-radius:100px !important}.ugb-db16351 .ugb-button:hover{background-color:#cf2e2e !important;opacity:1}.ugb-db16351 .ugb-button:hover .ugb-button--inner{color:#ffffff !important}.ugb-db16351 .ugb-button:before{content:\"\";background-image:linear-gradient(90deg,#cf2e2e,#cf2e2e);border-radius:100px !important}.ugb-db16351 .ugb-button-container{text-align:center !important;margin-bottom:0px !important}.ugb-db16351 .ugb-feature-grid__image{margin-bottom:40px !important}.ugb-db16351.ugb-feature-grid > .ugb-inner-block{max-width:1200px !important}.ugb-db16351 .ugb-block-title{font-weight:500 !important}.ugb-db16351 .ugb-block-description{margin-bottom:50px}<\/style><div class=\"ugb-inner-block ugb-inner-block--full\"><div class=\"ugb-block-content\"><div class=\"ugb-feature-grid__item ugb-feature-grid__item1 ugb--shadow-5\"><div class=\"ugb-feature-grid__image\"><img decoding=\"async\" class=\"ugb-img wp-image-102\" src=\"https:\/\/www.malerei-christophersen.de\/wp-content\/uploads\/2020\/01\/sonne-e1580386992118.jpg\" alt=\"Title\" width=\"350\" srcset=\"https:\/\/www.malerei-christophersen.de\/wp-content\/uploads\/2020\/01\/sonne-e1580386992118.jpg 499w, https:\/\/www.malerei-christophersen.de\/wp-content\/uploads\/2020\/01\/sonne-e1580386992118-300x225.jpg 300w\" sizes=\"(max-width: 499px) 100vw, 499px\" \/><\/div><div class=\"ugb-feature-grid__content\"><h5 class=\"ugb-feature-grid__title\">SONNENSCHUTZ<\/h5><p class=\"ugb-feature-grid__description\">Sch\u00f6n gestaltete Fenster und der richtige Lichteinfall k\u00f6nnen die Atmosph\u00e4re Ihres Zuhauses bereichern und Ihr Wohlbefinden verbessern. Mit unseren starken Partnern Luxaflex\u00ae und GERMANIA setzten wir hohe Ma\u00dfst\u00e4be an die Qualit\u00e4t und Bedienbarkeit. Die Produkte sind durch ihren Einsatz als Licht- und W\u00e4rmeregulierung schon an sich energiesparend und nachhaltig. Die Produzenten der Stoffe sind gleichzeitig bem\u00fcht, die Produktionsprozesse zu verbessern, innovative Materialien zu entwickeln und Abfallmengen zu reduzieren. So haben Sie die M\u00f6glichkeit, innovative und nachhaltige Stoffe mit Verantwortung f\u00fcr die Umwelt auszuw\u00e4hlen.<\/p><div class=\"ugb-button-container\"><a class=\"ugb-button ugb-button--size-small ugb-button--ghost-to-normal-effect ugb--hover-effect-scale-more ugb-button--design-ghost\" href=\"https:\/\/www.malerei-christophersen.de\/?page_id=242\" rel=\"\" title=\"\"><span class=\"ugb-button--inner\">Mehr zum Thema<\/span><\/a><\/div><\/div><\/div><div class=\"ugb-feature-grid__item ugb-feature-grid__item2 ugb--shadow-5\"><div class=\"ugb-feature-grid__image\"><img decoding=\"async\" class=\"ugb-img wp-image-490\" src=\"https:\/\/www.malerei-christophersen.de\/wp-content\/uploads\/2021\/04\/asset_id_48785d953db2c58f7bba84b9293c566a-1024x683.jpg\" alt=\"Title\" width=\"350\" srcset=\"https:\/\/www.malerei-christophersen.de\/wp-content\/uploads\/2021\/04\/asset_id_48785d953db2c58f7bba84b9293c566a-1024x683.jpg 1024w, https:\/\/www.malerei-christophersen.de\/wp-content\/uploads\/2021\/04\/asset_id_48785d953db2c58f7bba84b9293c566a-300x200.jpg 300w, https:\/\/www.malerei-christophersen.de\/wp-content\/uploads\/2021\/04\/asset_id_48785d953db2c58f7bba84b9293c566a-768x512.jpg 768w, https:\/\/www.malerei-christophersen.de\/wp-content\/uploads\/2021\/04\/asset_id_48785d953db2c58f7bba84b9293c566a-1536x1024.jpg 1536w, https:\/\/www.malerei-christophersen.de\/wp-content\/uploads\/2021\/04\/asset_id_48785d953db2c58f7bba84b9293c566a-2048x1365.jpg 2048w\" sizes=\"(max-width: 1024px) 100vw, 1024px\" \/><\/div><div class=\"ugb-feature-grid__content\"><h5 class=\"ugb-feature-grid__title\">INSEKTENSCHUTZ<\/h5><p class=\"ugb-feature-grid__description\">Jeder kennt es, ob beim Essen oder nachts am Ohr, Insekten k\u00f6nnen ganz sch\u00f6n nerven. Doch Sie k\u00f6nnen handeln! Umweltfreundliche Insektenschutzgitter sch\u00fctzen Ihr Eigenheim vor ungebetenen G\u00e4sten. Sch\u00fctzen Sie sich noch heute mit unserem ma\u00dfgefertigten Qualit\u00e4tsinsektenschutz direkt vom Hersteller. sicherer Schutz bei ge\u00f6ffneten Fenstern und T\u00fcren dezentes, ansprechendes Design schnelle Montage und Demontage f\u00fcr alle Fenster und T\u00fcrgr\u00f6\u00dfen lieferbar oftmals eine bohr lose Montage m\u00f6glich Alle Gitter und T\u00fcren werden nach Ma\u00df gefertigt. Sie haben Interesse, dann fragen Sie uns einfach und unverbindlich.<br><\/p><div class=\"ugb-button-container\"><a class=\"ugb-button ugb-button--size-small ugb-button--ghost-to-normal-effect ugb--hover-effect-scale-more ugb-button--design-ghost\" href=\"https:\/\/www.malerei-christophersen.de\/?page_id=493\" rel=\"\" title=\"\"><span class=\"ugb-button--inner\">Mehr zum Thema<\/span><\/a><\/div><\/div><\/div><\/div><\/div><\/div>\n\n\n\n<p><\/p>\n","protected":false},"excerpt":{"rendered":"<p>SONNENSCHUTZ Sch\u00f6n gestaltete Fenster und der richtige Lichteinfall k\u00f6nnen die Atmosph\u00e4re Ihres Zuhauses bereichern und Ihr Wohlbefinden verbessern. Mit unseren starken Partnern Luxaflex\u00ae und GERMANIA setzten wir hohe Ma\u00dfst\u00e4be an die Qualit\u00e4t und Bedienbarkeit. Die Produkte sind durch ihren Einsatz als Licht- und W\u00e4rmeregulierung schon an sich energiesparend und nachhaltig. Die Produzenten der Stoffe sind [&hellip;]<\/p>\n","protected":false},"author":1,"featured_media":0,"parent":0,"menu_order":0,"comment_status":"closed","ping_status":"closed","template":"","meta":{"_uag_custom_page_level_css":"","footnotes":""},"class_list":["post-464","page","type-page","status-publish","hentry"],"featured_image_urls_v2":{"full":"","thumbnail":"","medium":"","medium_large":"","large":"","1536x1536":"","2048x2048":""},"post_excerpt_stackable_v2":"<p>SONNENSCHUTZSch\u00f6n gestaltete Fenster und der richtige Lichteinfall k\u00f6nnen die Atmosph\u00e4re Ihres Zuhauses bereichern und Ihr Wohlbefinden verbessern. Mit unseren starken Partnern Luxaflex\u00ae und GERMANIA setzten wir hohe Ma\u00dfst\u00e4be an die Qualit\u00e4t und Bedienbarkeit. Die Produkte sind durch ihren Einsatz als Licht- und W\u00e4rmeregulierung schon an sich energiesparend und nachhaltig. Die Produzenten der Stoffe sind gleichzeitig bem\u00fcht, die Produktionsprozesse zu verbessern, innovative Materialien zu entwickeln und Abfallmengen zu reduzieren. So haben Sie die M\u00f6glichkeit, innovative und nachhaltige Stoffe mit Verantwortung f\u00fcr die Umwelt auszuw\u00e4hlen.Mehr zum ThemaINSEKTENSCHUTZJeder kennt es, ob beim Essen oder nachts am Ohr, Insekten k\u00f6nnen ganz sch\u00f6n nerven. Doch&hellip;<\/p>\n","category_list_v2":"","author_info_v2":{"name":"admin","url":"https:\/\/www.malerei-christophersen.de\/?author=1"},"comments_num_v2":"0 comments","featured_image_src":null,"uagb_featured_image_src":{"full":false,"thumbnail":false,"medium":false,"medium_large":false,"large":false,"1536x1536":false,"2048x2048":false},"uagb_author_info":{"display_name":"admin","author_link":"https:\/\/www.malerei-christophersen.de\/?author=1"},"uagb_comment_info":0,"uagb_excerpt":"SONNENSCHUTZ Sch\u00f6n gestaltete Fenster und der richtige Lichteinfall k\u00f6nnen die Atmosph\u00e4re Ihres Zuhauses bereichern und Ihr Wohlbefinden verbessern. Mit unseren starken Partnern Luxaflex\u00ae und GERMANIA setzten wir hohe Ma\u00dfst\u00e4be an die Qualit\u00e4t und Bedienbarkeit. Die Produkte sind durch ihren Einsatz als Licht- und W\u00e4rmeregulierung schon an sich energiesparend und nachhaltig. Die Produzenten der Stoffe sind&hellip;","_links":{"self":[{"href":"https:\/\/www.malerei-christophersen.de\/index.php?rest_route=\/wp\/v2\/pages\/464","targetHints":{"allow":["GET"]}}],"collection":[{"href":"https:\/\/www.malerei-christophersen.de\/index.php?rest_route=\/wp\/v2\/pages"}],"about":[{"href":"https:\/\/www.malerei-christophersen.de\/index.php?rest_route=\/wp\/v2\/types\/page"}],"author":[{"embeddable":true,"href":"https:\/\/www.malerei-christophersen.de\/index.php?rest_route=\/wp\/v2\/users\/1"}],"replies":[{"embeddable":true,"href":"https:\/\/www.malerei-christophersen.de\/index.php?rest_route=%2Fwp%2Fv2%2Fcomments&post=464"}],"version-history":[{"count":23,"href":"https:\/\/www.malerei-christophersen.de\/index.php?rest_route=\/wp\/v2\/pages\/464\/revisions"}],"predecessor-version":[{"id":527,"href":"https:\/\/www.malerei-christophersen.de\/index.php?rest_route=\/wp\/v2\/pages\/464\/revisions\/527"}],"wp:attachment":[{"href":"https:\/\/www.malerei-christophersen.de\/index.php?rest_route=%2Fwp%2Fv2%2Fmedia&parent=464"}],"curies":[{"name":"wp","href":"https:\/\/api.w.org\/{rel}","templated":true}]}}