{"id":24,"date":"2020-01-30T11:17:02","date_gmt":"2020-01-30T10:17:02","guid":{"rendered":"https:\/\/www.malerei-christophersen.de\/?page_id=24"},"modified":"2025-04-23T10:26:30","modified_gmt":"2025-04-23T08:26:30","slug":"ueber-uns","status":"publish","type":"page","link":"https:\/\/www.malerei-christophersen.de\/?page_id=24","title":{"rendered":"Team"},"content":{"rendered":"\n<p class=\"has-text-align-center has-large-font-size\"><strong>Meister<\/strong><\/p>\n\n\n\n<p><\/p>\n\n\n\n<div class=\"wp-block-ugb-team-member ugb-team-member ugb-ae7b4b0 ugb-team-member--v3 ugb-team-member--design-basic ugb-team-member--columns-2 ugb-main-block\"><style>@media screen and (min-width:768px){.ugb-ae7b4b0 .ugb-img{width:400px;height:auto !important}}@media screen and (min-width:1025px){.ugb-ae7b4b0 .ugb-team-member__image{width:400px !important}}<\/style><div class=\"ugb-inner-block\"><div class=\"ugb-block-content\"><div class=\"ugb-team-member__item ugb-team-member__item1\"><div class=\"ugb-team-member__image\"><img loading=\"lazy\" decoding=\"async\" width=\"1024\" height=\"819\" class=\"ugb-img wp-image-380\" src=\"https:\/\/www.malerei-christophersen.de\/wp-content\/uploads\/2020\/11\/Timo-1024x819.jpg\" alt=\" Timo Christophersen \" title=\"\" srcset=\"https:\/\/www.malerei-christophersen.de\/wp-content\/uploads\/2020\/11\/Timo-1024x819.jpg 1024w, https:\/\/www.malerei-christophersen.de\/wp-content\/uploads\/2020\/11\/Timo-300x240.jpg 300w, https:\/\/www.malerei-christophersen.de\/wp-content\/uploads\/2020\/11\/Timo-768x615.jpg 768w, https:\/\/www.malerei-christophersen.de\/wp-content\/uploads\/2020\/11\/Timo.jpg 1181w\" sizes=\"auto, (max-width: 1024px) 100vw, 1024px\" \/><\/div><div class=\"ugb-team-member__content\"><div class=\"ugb-team-member__title\"><h4 class=\"ugb-team-member__name\"> Timo Christophersen <\/h4><p class=\"ugb-team-member__position\"> Gesch\u00e4ftsf\u00fchrer, Malermeister &amp; Farbtechniker <\/p><\/div><\/div><\/div><div class=\"ugb-team-member__item ugb-team-member__item2\"><div class=\"ugb-team-member__image\"><img loading=\"lazy\" decoding=\"async\" width=\"1024\" height=\"819\" class=\"ugb-img wp-image-381\" src=\"https:\/\/www.malerei-christophersen.de\/wp-content\/uploads\/2020\/11\/Ingwer-1024x819.jpg\" alt=\" Ingwer Christophersen \" title=\"\" srcset=\"https:\/\/www.malerei-christophersen.de\/wp-content\/uploads\/2020\/11\/Ingwer-1024x819.jpg 1024w, https:\/\/www.malerei-christophersen.de\/wp-content\/uploads\/2020\/11\/Ingwer-300x240.jpg 300w, https:\/\/www.malerei-christophersen.de\/wp-content\/uploads\/2020\/11\/Ingwer-768x615.jpg 768w, https:\/\/www.malerei-christophersen.de\/wp-content\/uploads\/2020\/11\/Ingwer.jpg 1181w\" sizes=\"auto, (max-width: 1024px) 100vw, 1024px\" \/><\/div><div class=\"ugb-team-member__content\"><div class=\"ugb-team-member__title\"><h4 class=\"ugb-team-member__name\"> Ingwer Christophersen <\/h4><p class=\"ugb-team-member__position\"> Gr\u00fcnder &amp; Malermeister<\/p><\/div><\/div><\/div><\/div><\/div><\/div>\n\n\n\n<h2 class=\"wp-block-heading has-text-align-center has-large-font-size\">Unsere Gesellen<\/h2>\n\n\n\n<div class=\"wp-block-ugb-team-member ugb-team-member ugb-32fdbeb ugb-team-member--v3 ugb-team-member--design-basic ugb-team-member--columns-3 ugb-main-block\"><style>@media screen and (min-width:768px){.ugb-32fdbeb .ugb-img{width:400px;height:auto !important}}@media screen and (min-width:1025px){.ugb-32fdbeb .ugb-team-member__image{width:400px !important}}<\/style><div class=\"ugb-inner-block\"><div class=\"ugb-block-content\"><div class=\"ugb-team-member__item ugb-team-member__item1\"><div class=\"ugb-team-member__image\"><img loading=\"lazy\" decoding=\"async\" width=\"1181\" height=\"945\" class=\"ugb-img wp-image-385\" src=\"https:\/\/www.malerei-christophersen.de\/wp-content\/uploads\/2020\/11\/Chris.jpg\" alt=\"Chris Carlsen\" title=\"\" srcset=\"https:\/\/www.malerei-christophersen.de\/wp-content\/uploads\/2020\/11\/Chris.jpg 1181w, https:\/\/www.malerei-christophersen.de\/wp-content\/uploads\/2020\/11\/Chris-300x240.jpg 300w, https:\/\/www.malerei-christophersen.de\/wp-content\/uploads\/2020\/11\/Chris-1024x819.jpg 1024w, https:\/\/www.malerei-christophersen.de\/wp-content\/uploads\/2020\/11\/Chris-768x615.jpg 768w\" sizes=\"auto, (max-width: 1181px) 100vw, 1181px\" \/><\/div><div class=\"ugb-team-member__content\"><div class=\"ugb-team-member__title\"><h4 class=\"ugb-team-member__name\">Chris Carlsen<\/h4><p class=\"ugb-team-member__position\"> Maler und Lackierer <\/p><\/div><\/div><\/div><div class=\"ugb-team-member__item ugb-team-member__item2\"><div class=\"ugb-team-member__image\"><img loading=\"lazy\" decoding=\"async\" width=\"1181\" height=\"945\" class=\"ugb-img wp-image-383\" src=\"https:\/\/www.malerei-christophersen.de\/wp-content\/uploads\/2020\/11\/Oke.jpg\" alt=\" Oke Ertzinger \" title=\"\" srcset=\"https:\/\/www.malerei-christophersen.de\/wp-content\/uploads\/2020\/11\/Oke.jpg 1181w, https:\/\/www.malerei-christophersen.de\/wp-content\/uploads\/2020\/11\/Oke-300x240.jpg 300w, https:\/\/www.malerei-christophersen.de\/wp-content\/uploads\/2020\/11\/Oke-1024x819.jpg 1024w, https:\/\/www.malerei-christophersen.de\/wp-content\/uploads\/2020\/11\/Oke-768x615.jpg 768w\" sizes=\"auto, (max-width: 1181px) 100vw, 1181px\" \/><\/div><div class=\"ugb-team-member__content\"><div class=\"ugb-team-member__title\"><h4 class=\"ugb-team-member__name\"> Oke Ertzinger <\/h4><p class=\"ugb-team-member__position\"> Maler und Lackierer <\/p><\/div><\/div><\/div><div class=\"ugb-team-member__item ugb-team-member__item3\"><div class=\"ugb-team-member__image\"><img loading=\"lazy\" decoding=\"async\" width=\"1181\" height=\"945\" class=\"ugb-img wp-image-386\" src=\"https:\/\/www.malerei-christophersen.de\/wp-content\/uploads\/2020\/11\/Harald.jpg\" alt=\" Harald Hotje\" title=\"\" srcset=\"https:\/\/www.malerei-christophersen.de\/wp-content\/uploads\/2020\/11\/Harald.jpg 1181w, https:\/\/www.malerei-christophersen.de\/wp-content\/uploads\/2020\/11\/Harald-300x240.jpg 300w, https:\/\/www.malerei-christophersen.de\/wp-content\/uploads\/2020\/11\/Harald-1024x819.jpg 1024w, https:\/\/www.malerei-christophersen.de\/wp-content\/uploads\/2020\/11\/Harald-768x615.jpg 768w\" sizes=\"auto, (max-width: 1181px) 100vw, 1181px\" \/><\/div><div class=\"ugb-team-member__content\"><div class=\"ugb-team-member__title\"><h4 class=\"ugb-team-member__name\"> Harald Hotje<\/h4><p class=\"ugb-team-member__position\"> Maler und Lackierer <\/p><\/div><\/div><\/div><\/div><\/div><\/div>\n\n\n\n<p class=\"has-text-align-center has-large-font-size\"><strong>Unsere Azubis<\/strong><\/p>\n\n\n\n<div class=\"wp-block-ugb-team-member ugb-team-member ugb-8f69aa4 ugb-team-member--v3 ugb-team-member--design-basic ugb-team-member--columns-1 ugb-main-block\"><style>@media screen and (min-width:768px){.ugb-8f69aa4 .ugb-img{width:400px;height:auto !important}}@media screen and (min-width:1025px){.ugb-8f69aa4 .ugb-team-member__image{width:400px !important}}<\/style><div class=\"ugb-inner-block\"><div class=\"ugb-block-content\"><div class=\"ugb-team-member__item ugb-team-member__item1\"><div class=\"ugb-team-member__image\"><img loading=\"lazy\" decoding=\"async\" width=\"1535\" height=\"2126\" class=\"ugb-img wp-image-710\" src=\"https:\/\/www.malerei-christophersen.de\/wp-content\/uploads\/2023\/11\/FD7A2231.jpg\" alt=\"Malte Burmeister\" title=\"\" srcset=\"https:\/\/www.malerei-christophersen.de\/wp-content\/uploads\/2023\/11\/FD7A2231.jpg 1535w, https:\/\/www.malerei-christophersen.de\/wp-content\/uploads\/2023\/11\/FD7A2231-217x300.jpg 217w, https:\/\/www.malerei-christophersen.de\/wp-content\/uploads\/2023\/11\/FD7A2231-739x1024.jpg 739w, https:\/\/www.malerei-christophersen.de\/wp-content\/uploads\/2023\/11\/FD7A2231-768x1064.jpg 768w, https:\/\/www.malerei-christophersen.de\/wp-content\/uploads\/2023\/11\/FD7A2231-1109x1536.jpg 1109w, https:\/\/www.malerei-christophersen.de\/wp-content\/uploads\/2023\/11\/FD7A2231-1479x2048.jpg 1479w\" sizes=\"auto, (max-width: 1535px) 100vw, 1535px\" \/><\/div><div class=\"ugb-team-member__content\"><div class=\"ugb-team-member__title\"><h4 class=\"ugb-team-member__name\">Malte Burmeister<\/h4><p class=\"ugb-team-member__position\"> Azubi<\/p><\/div><\/div><\/div><\/div><\/div><\/div>\n\n\n\n<div class=\"wp-block-group\"><div class=\"wp-block-group__inner-container is-layout-flow wp-block-group-is-layout-flow\"><\/div><\/div>\n\n\n\n<p><\/p>\n","protected":false},"excerpt":{"rendered":"<p>Meister Timo Christophersen Gesch\u00e4ftsf\u00fchrer, Malermeister &amp; Farbtechniker Ingwer Christophersen Gr\u00fcnder &amp; Malermeister Unsere Gesellen Chris Carlsen Maler und Lackierer Oke Ertzinger Maler und Lackierer Harald Hotje Maler und Lackierer Unsere Azubis Malte Burmeister Azubi<\/p>\n","protected":false},"author":1,"featured_media":0,"parent":0,"menu_order":0,"comment_status":"closed","ping_status":"closed","template":"","meta":{"_uag_custom_page_level_css":"","footnotes":""},"class_list":["post-24","page","type-page","status-publish","hentry"],"featured_image_urls_v2":{"full":"","thumbnail":"","medium":"","medium_large":"","large":"","1536x1536":"","2048x2048":""},"post_excerpt_stackable_v2":"<p>Meister Timo Christophersen Gesch\u00e4ftsf\u00fchrer, Malermeister &amp; Farbtechniker Ingwer Christophersen Gr\u00fcnder &amp; Malermeister Unsere Gesellen Chris Carlsen Maler und Lackierer Oke Ertzinger Maler und Lackierer Harald Hotje Maler und Lackierer Unsere Azubis Malte Burmeister Azubi<\/p>\n","category_list_v2":"","author_info_v2":{"name":"admin","url":"https:\/\/www.malerei-christophersen.de\/?author=1"},"comments_num_v2":"0 comments","featured_image_src":null,"uagb_featured_image_src":{"full":false,"thumbnail":false,"medium":false,"medium_large":false,"large":false,"1536x1536":false,"2048x2048":false},"uagb_author_info":{"display_name":"admin","author_link":"https:\/\/www.malerei-christophersen.de\/?author=1"},"uagb_comment_info":0,"uagb_excerpt":"Meister Timo Christophersen Gesch\u00e4ftsf\u00fchrer, Malermeister &amp; Farbtechniker Ingwer Christophersen Gr\u00fcnder &amp; Malermeister Unsere Gesellen Chris Carlsen Maler und Lackierer Oke Ertzinger Maler und Lackierer Harald Hotje Maler und Lackierer Unsere Azubis Malte Burmeister Azubi","_links":{"self":[{"href":"https:\/\/www.malerei-christophersen.de\/index.php?rest_route=\/wp\/v2\/pages\/24","targetHints":{"allow":["GET"]}}],"collection":[{"href":"https:\/\/www.malerei-christophersen.de\/index.php?rest_route=\/wp\/v2\/pages"}],"about":[{"href":"https:\/\/www.malerei-christophersen.de\/index.php?rest_route=\/wp\/v2\/types\/page"}],"author":[{"embeddable":true,"href":"https:\/\/www.malerei-christophersen.de\/index.php?rest_route=\/wp\/v2\/users\/1"}],"replies":[{"embeddable":true,"href":"https:\/\/www.malerei-christophersen.de\/index.php?rest_route=%2Fwp%2Fv2%2Fcomments&post=24"}],"version-history":[{"count":34,"href":"https:\/\/www.malerei-christophersen.de\/index.php?rest_route=\/wp\/v2\/pages\/24\/revisions"}],"predecessor-version":[{"id":747,"href":"https:\/\/www.malerei-christophersen.de\/index.php?rest_route=\/wp\/v2\/pages\/24\/revisions\/747"}],"wp:attachment":[{"href":"https:\/\/www.malerei-christophersen.de\/index.php?rest_route=%2Fwp%2Fv2%2Fmedia&parent=24"}],"curies":[{"name":"wp","href":"https:\/\/api.w.org\/{rel}","templated":true}]}}