{"id":207,"date":"2020-01-30T14:24:31","date_gmt":"2020-01-30T13:24:31","guid":{"rendered":"https:\/\/www.malerei-christophersen.de\/?page_id=207"},"modified":"2023-05-10T15:22:56","modified_gmt":"2023-05-10T13:22:56","slug":"malerarbeit","status":"publish","type":"page","link":"https:\/\/www.malerei-christophersen.de\/?page_id=207","title":{"rendered":"Malerarbeit"},"content":{"rendered":"\n<h2 class=\"wp-block-heading has-text-align-center\">Farbe spricht B\u00e4nde \u00fcber Ihr Zuhause. <\/h2>\n\n\n\n<p class=\"has-text-align-center\">Farbe bestimmt nicht nur, wie ihre Wohnr\u00e4ume aussehen, sondern auch,wie man sich in ihnen f\u00fchlt.<br> <br>Mit unserer langj\u00e4hrigen Erfahrung und unserem fachlichen Wissen \u00fcber  Farbharmonien und Projektrealisation helfen wir Ihnen sich in Ihren  R\u00e4umen wohl zu f\u00fchlen.<\/p>\n\n\n\n<div class=\"wp-block-ugb-divider ugb-divider ugb-6559831 ugb-divider--v2 ugb-divider--design-basic ugb-main-block\"><style>.ugb-6559831 hr.ugb-divider__hr{margin-left:auto !important;margin-right:auto !important}<\/style><div class=\"ugb-inner-block\"><div class=\"ugb-block-content\"><hr class=\"ugb-divider__hr\"\/><\/div><\/div><\/div>\n\n\n\n<h2 class=\"wp-block-heading has-text-align-center\"> Spachteltechnik  Lasurtechnik <\/h2>\n\n\n\n<p class=\"has-text-align-center\">Die Spachteltechnik ist eine Wandgestaltung bei der mittels einer  Spachtel eine feine Masse aufgetragen wird. Die Spachtelschl\u00e4ge bleiben  dabei deutlich zu sehen. Ihre Transparenz ergibt zusammen mit dem  Durcheinander und \u00dcbereinander der Schl\u00e4ge ein sehr faszinierendes und elegantes Bild.  Lasieren ist ein Farbauftrag, bei dem der Untergrund durchschimmert.  Die Lasur kann ganz zart sein und wie ein fast durchsichtiger Schleier  die Wand \u00fcberziehen. Oder sie ist so intensiv, da\u00df der darunterliegende,  deckende Anstrich gerade noch zu erkennen ist. <\/p>\n\n\n\n<figure class=\"wp-block-gallery aligncenter has-nested-images columns-default is-cropped mymaxsize wp-block-gallery-1 is-layout-flex wp-block-gallery-is-layout-flex\">\n<figure class=\"wp-block-image size-large\"><a href=\"https:\/\/www.malerei-christophersen.de\/wp-content\/uploads\/2020\/01\/2-1.png\"><img loading=\"lazy\" decoding=\"async\" width=\"1024\" height=\"775\" data-id=\"208\" src=\"https:\/\/www.malerei-christophersen.de\/wp-content\/uploads\/2020\/01\/2-1-1024x775.png\" alt=\"\" class=\"wp-image-208\" srcset=\"https:\/\/www.malerei-christophersen.de\/wp-content\/uploads\/2020\/01\/2-1-1024x775.png 1024w, https:\/\/www.malerei-christophersen.de\/wp-content\/uploads\/2020\/01\/2-1-300x227.png 300w, https:\/\/www.malerei-christophersen.de\/wp-content\/uploads\/2020\/01\/2-1-768x581.png 768w, https:\/\/www.malerei-christophersen.de\/wp-content\/uploads\/2020\/01\/2-1.png 1400w\" sizes=\"auto, (max-width: 1024px) 100vw, 1024px\" \/><\/a><\/figure>\n\n\n\n<figure class=\"wp-block-image size-large\"><a href=\"https:\/\/www.malerei-christophersen.de\/wp-content\/uploads\/2020\/01\/6.png\"><img loading=\"lazy\" decoding=\"async\" width=\"1024\" height=\"768\" data-id=\"209\" src=\"https:\/\/www.malerei-christophersen.de\/wp-content\/uploads\/2020\/01\/6-1024x768.png\" alt=\"\" class=\"wp-image-209\" srcset=\"https:\/\/www.malerei-christophersen.de\/wp-content\/uploads\/2020\/01\/6-1024x768.png 1024w, https:\/\/www.malerei-christophersen.de\/wp-content\/uploads\/2020\/01\/6-300x225.png 300w, https:\/\/www.malerei-christophersen.de\/wp-content\/uploads\/2020\/01\/6-768x576.png 768w, https:\/\/www.malerei-christophersen.de\/wp-content\/uploads\/2020\/01\/6.png 1400w\" sizes=\"auto, (max-width: 1024px) 100vw, 1024px\" \/><\/a><\/figure>\n\n\n\n<figure class=\"wp-block-image size-large\"><a href=\"https:\/\/www.malerei-christophersen.de\/wp-content\/uploads\/2020\/01\/8.png\"><img loading=\"lazy\" decoding=\"async\" width=\"1400\" height=\"1050\" data-id=\"210\" src=\"https:\/\/www.malerei-christophersen.de\/wp-content\/uploads\/2020\/01\/8-1024x768.png\" alt=\"\" class=\"wp-image-210\" srcset=\"https:\/\/www.malerei-christophersen.de\/wp-content\/uploads\/2020\/01\/8-1024x768.png 1024w, https:\/\/www.malerei-christophersen.de\/wp-content\/uploads\/2020\/01\/8-300x225.png 300w, https:\/\/www.malerei-christophersen.de\/wp-content\/uploads\/2020\/01\/8-768x576.png 768w, https:\/\/www.malerei-christophersen.de\/wp-content\/uploads\/2020\/01\/8.png 1400w\" sizes=\"auto, (max-width: 1400px) 100vw, 1400px\" \/><\/a><\/figure>\n\n\n\n<figure class=\"wp-block-image size-large\"><a href=\"https:\/\/www.malerei-christophersen.de\/wp-content\/uploads\/2020\/01\/9.png\"><img loading=\"lazy\" decoding=\"async\" width=\"1024\" height=\"768\" data-id=\"211\" src=\"https:\/\/www.malerei-christophersen.de\/wp-content\/uploads\/2020\/01\/9-1024x768.png\" alt=\"\" class=\"wp-image-211\" srcset=\"https:\/\/www.malerei-christophersen.de\/wp-content\/uploads\/2020\/01\/9-1024x768.png 1024w, https:\/\/www.malerei-christophersen.de\/wp-content\/uploads\/2020\/01\/9-300x225.png 300w, https:\/\/www.malerei-christophersen.de\/wp-content\/uploads\/2020\/01\/9-768x576.png 768w, https:\/\/www.malerei-christophersen.de\/wp-content\/uploads\/2020\/01\/9.png 1400w\" sizes=\"auto, (max-width: 1024px) 100vw, 1024px\" \/><\/a><\/figure>\n\n\n\n<figure class=\"wp-block-image size-large\"><a href=\"https:\/\/www.malerei-christophersen.de\/wp-content\/uploads\/2020\/01\/11.png\"><img loading=\"lazy\" decoding=\"async\" width=\"1024\" height=\"768\" data-id=\"212\" src=\"https:\/\/www.malerei-christophersen.de\/wp-content\/uploads\/2020\/01\/11-1024x768.png\" alt=\"\" class=\"wp-image-212\" srcset=\"https:\/\/www.malerei-christophersen.de\/wp-content\/uploads\/2020\/01\/11-1024x768.png 1024w, https:\/\/www.malerei-christophersen.de\/wp-content\/uploads\/2020\/01\/11-300x225.png 300w, https:\/\/www.malerei-christophersen.de\/wp-content\/uploads\/2020\/01\/11-768x576.png 768w, https:\/\/www.malerei-christophersen.de\/wp-content\/uploads\/2020\/01\/11.png 1400w\" sizes=\"auto, (max-width: 1024px) 100vw, 1024px\" \/><\/a><\/figure>\n<\/figure>\n\n\n\n<div class=\"wp-block-ugb-divider ugb-divider ugb-8e28fe8 ugb-divider--v2 ugb-divider--design-basic ugb-main-block\"><style>.ugb-8e28fe8 hr.ugb-divider__hr{margin-left:auto !important;margin-right:auto !important}<\/style><div class=\"ugb-inner-block\"><div class=\"ugb-block-content\"><hr class=\"ugb-divider__hr\"\/><\/div><\/div><\/div>\n\n\n\n<h2 class=\"wp-block-heading has-text-align-center\"> Lackierungen <\/h2>\n\n\n\n<p class=\"has-text-align-center\"> Im Innenbereich lackieren wir f\u00fcr Sie: <\/p>\n\n\n\n<div class=\"wp-block-ugb-icon-list ugb-icon-list ugb-icon--icon-check ugb-92e9b6b ugb-icon-list--v2 ugb-main-block ugb--has-custom-content-width\"><style>.ugb-92e9b6b li::before{background-image:url('data:image\/svg+xml;base64,PHN2ZyB4bWxucz0iaHR0cDovL3d3dy53My5vcmcvMjAwMC9zdmciIHZpZXdCb3g9IjAgMCAxOTAgMTkwIj48cG9seWdvbiBwb2ludHM9IjE3My44LDI4LjQgNjAuNCwxNDEuOCAxNS43LDk3LjIgNS4xLDEwNy44IDYwLjQsMTYzIDE4NC40LDM5IDE3My44LDI4LjQiLz48L3N2Zz4=')}.ugb-92e9b6b.ugb-icon-list ul{columns:2}.ugb-92e9b6b.ugb-icon-list{justify-content:center}.ugb-92e9b6b.ugb-icon-list > .ugb-inner-block{max-width:800px !important}<\/style><div class=\"ugb-inner-block\"><div class=\"ugb-block-content\"><ul><li>Fenster<\/li><li>T\u00fcren<\/li><li>M\u00f6bel<\/li><li>Holzbauteile<\/li><li>Heizk\u00f6rper<\/li><li>Rohrleitungen<\/li><li>F\u00fc\u00dfb\u00f6den<\/li><li>Treppen<\/li><li>Decken<\/li><li>W\u00e4nde<\/li><li>Wandfliesen<\/li><\/ul><\/div><\/div><\/div>\n\n\n\n<figure class=\"wp-block-gallery has-nested-images columns-default is-cropped mymaxsize wp-block-gallery-2 is-layout-flex wp-block-gallery-is-layout-flex\">\n<figure class=\"wp-block-image size-large\"><a href=\"https:\/\/www.malerei-christophersen.de\/wp-content\/uploads\/2020\/01\/1-5.jpg\"><img loading=\"lazy\" decoding=\"async\" width=\"1024\" height=\"682\" data-id=\"216\" src=\"https:\/\/www.malerei-christophersen.de\/wp-content\/uploads\/2020\/01\/1-5-1024x682.jpg\" alt=\"\" class=\"wp-image-216\" srcset=\"https:\/\/www.malerei-christophersen.de\/wp-content\/uploads\/2020\/01\/1-5-1024x682.jpg 1024w, https:\/\/www.malerei-christophersen.de\/wp-content\/uploads\/2020\/01\/1-5-300x200.jpg 300w, https:\/\/www.malerei-christophersen.de\/wp-content\/uploads\/2020\/01\/1-5-768x512.jpg 768w, https:\/\/www.malerei-christophersen.de\/wp-content\/uploads\/2020\/01\/1-5-600x400.jpg 600w, https:\/\/www.malerei-christophersen.de\/wp-content\/uploads\/2020\/01\/1-5.jpg 1400w\" sizes=\"auto, (max-width: 1024px) 100vw, 1024px\" \/><\/a><\/figure>\n\n\n\n<figure class=\"wp-block-image size-large\"><a href=\"https:\/\/www.malerei-christophersen.de\/wp-content\/uploads\/2020\/01\/2-4.jpg\"><img loading=\"lazy\" decoding=\"async\" width=\"1024\" height=\"682\" data-id=\"217\" src=\"https:\/\/www.malerei-christophersen.de\/wp-content\/uploads\/2020\/01\/2-4-1024x682.jpg\" alt=\"\" class=\"wp-image-217\" srcset=\"https:\/\/www.malerei-christophersen.de\/wp-content\/uploads\/2020\/01\/2-4-1024x682.jpg 1024w, https:\/\/www.malerei-christophersen.de\/wp-content\/uploads\/2020\/01\/2-4-300x200.jpg 300w, https:\/\/www.malerei-christophersen.de\/wp-content\/uploads\/2020\/01\/2-4-768x512.jpg 768w, https:\/\/www.malerei-christophersen.de\/wp-content\/uploads\/2020\/01\/2-4-600x400.jpg 600w, https:\/\/www.malerei-christophersen.de\/wp-content\/uploads\/2020\/01\/2-4.jpg 1400w\" sizes=\"auto, (max-width: 1024px) 100vw, 1024px\" \/><\/a><\/figure>\n<\/figure>\n\n\n\n<div class=\"wp-block-ugb-divider ugb-divider ugb-dbd1f49 ugb-divider--v2 ugb-divider--design-basic ugb-main-block\"><style>.ugb-dbd1f49 hr.ugb-divider__hr{margin-left:auto !important;margin-right:auto !important}<\/style><div class=\"ugb-inner-block\"><div class=\"ugb-block-content\"><hr class=\"ugb-divider__hr\"\/><\/div><\/div><\/div>\n\n\n\n<h2 class=\"wp-block-heading has-text-align-center\"> Tapeten <\/h2>\n\n\n\n<p class=\"has-text-align-center\">Wandbekleidungen und Wandschmuck gibt es schon so lange, wie sich  Menschen feste Behausungen suchen und schaffen. Deshalb ist es auch  keine Frage, dass wir von Malerei Christophersen eine gro\u00dfe Anzahl von  Wandbekleidungen f\u00fcr Sie tapezieren. <\/p>\n\n\n\n<figure class=\"wp-block-gallery has-nested-images columns-default is-cropped mymaxsize wp-block-gallery-3 is-layout-flex wp-block-gallery-is-layout-flex\">\n<figure class=\"wp-block-image size-large\"><a href=\"https:\/\/www.malerei-christophersen.de\/wp-content\/uploads\/2020\/01\/1-6.jpg\"><img loading=\"lazy\" decoding=\"async\" width=\"800\" height=\"600\" data-id=\"218\" src=\"https:\/\/www.malerei-christophersen.de\/wp-content\/uploads\/2020\/01\/1-6.jpg\" alt=\"\" class=\"wp-image-218\" srcset=\"https:\/\/www.malerei-christophersen.de\/wp-content\/uploads\/2020\/01\/1-6.jpg 800w, https:\/\/www.malerei-christophersen.de\/wp-content\/uploads\/2020\/01\/1-6-300x225.jpg 300w, https:\/\/www.malerei-christophersen.de\/wp-content\/uploads\/2020\/01\/1-6-768x576.jpg 768w\" sizes=\"auto, (max-width: 800px) 100vw, 800px\" \/><\/a><\/figure>\n\n\n\n<figure class=\"wp-block-image size-large\"><a href=\"https:\/\/www.malerei-christophersen.de\/wp-content\/uploads\/2020\/01\/2-5.jpg\"><img loading=\"lazy\" decoding=\"async\" width=\"938\" height=\"703\" data-id=\"219\" src=\"https:\/\/www.malerei-christophersen.de\/wp-content\/uploads\/2020\/01\/2-5.jpg\" alt=\"\" class=\"wp-image-219\" srcset=\"https:\/\/www.malerei-christophersen.de\/wp-content\/uploads\/2020\/01\/2-5.jpg 938w, https:\/\/www.malerei-christophersen.de\/wp-content\/uploads\/2020\/01\/2-5-300x225.jpg 300w, https:\/\/www.malerei-christophersen.de\/wp-content\/uploads\/2020\/01\/2-5-768x576.jpg 768w\" sizes=\"auto, (max-width: 938px) 100vw, 938px\" \/><\/a><\/figure>\n\n\n\n<figure class=\"wp-block-image size-large\"><a href=\"https:\/\/www.malerei-christophersen.de\/wp-content\/uploads\/2020\/01\/4-5.jpg\"><img loading=\"lazy\" decoding=\"async\" width=\"1024\" height=\"683\" data-id=\"220\" src=\"https:\/\/www.malerei-christophersen.de\/wp-content\/uploads\/2020\/01\/4-5-1024x683.jpg\" alt=\"\" class=\"wp-image-220\" srcset=\"https:\/\/www.malerei-christophersen.de\/wp-content\/uploads\/2020\/01\/4-5-1024x683.jpg 1024w, https:\/\/www.malerei-christophersen.de\/wp-content\/uploads\/2020\/01\/4-5-300x200.jpg 300w, https:\/\/www.malerei-christophersen.de\/wp-content\/uploads\/2020\/01\/4-5-768x512.jpg 768w, https:\/\/www.malerei-christophersen.de\/wp-content\/uploads\/2020\/01\/4-5-1536x1024.jpg 1536w, https:\/\/www.malerei-christophersen.de\/wp-content\/uploads\/2020\/01\/4-5-2048x1366.jpg 2048w, https:\/\/www.malerei-christophersen.de\/wp-content\/uploads\/2020\/01\/4-5-600x400.jpg 600w\" sizes=\"auto, (max-width: 1024px) 100vw, 1024px\" \/><\/a><\/figure>\n\n\n\n<figure class=\"wp-block-image size-large\"><a href=\"https:\/\/www.malerei-christophersen.de\/wp-content\/uploads\/2020\/01\/5-5-scaled.jpg\"><img loading=\"lazy\" decoding=\"async\" width=\"1024\" height=\"768\" data-id=\"221\" src=\"https:\/\/www.malerei-christophersen.de\/wp-content\/uploads\/2020\/01\/5-5-1024x768.jpg\" alt=\"\" class=\"wp-image-221\" srcset=\"https:\/\/www.malerei-christophersen.de\/wp-content\/uploads\/2020\/01\/5-5-1024x768.jpg 1024w, https:\/\/www.malerei-christophersen.de\/wp-content\/uploads\/2020\/01\/5-5-300x225.jpg 300w, https:\/\/www.malerei-christophersen.de\/wp-content\/uploads\/2020\/01\/5-5-768x576.jpg 768w, https:\/\/www.malerei-christophersen.de\/wp-content\/uploads\/2020\/01\/5-5-1536x1152.jpg 1536w, https:\/\/www.malerei-christophersen.de\/wp-content\/uploads\/2020\/01\/5-5-2048x1536.jpg 2048w\" sizes=\"auto, (max-width: 1024px) 100vw, 1024px\" \/><\/a><\/figure>\n\n\n\n<figure class=\"wp-block-image size-large\"><a href=\"https:\/\/www.malerei-christophersen.de\/wp-content\/uploads\/2020\/01\/6-5.jpg\"><img loading=\"lazy\" decoding=\"async\" width=\"800\" height=\"600\" data-id=\"222\" src=\"https:\/\/www.malerei-christophersen.de\/wp-content\/uploads\/2020\/01\/6-5.jpg\" alt=\"\" class=\"wp-image-222\" srcset=\"https:\/\/www.malerei-christophersen.de\/wp-content\/uploads\/2020\/01\/6-5.jpg 800w, https:\/\/www.malerei-christophersen.de\/wp-content\/uploads\/2020\/01\/6-5-300x225.jpg 300w, https:\/\/www.malerei-christophersen.de\/wp-content\/uploads\/2020\/01\/6-5-768x576.jpg 768w\" sizes=\"auto, (max-width: 800px) 100vw, 800px\" \/><\/a><\/figure>\n\n\n\n<figure class=\"wp-block-image size-large\"><a href=\"https:\/\/www.malerei-christophersen.de\/wp-content\/uploads\/2020\/01\/7-5.jpg\"><img loading=\"lazy\" decoding=\"async\" width=\"800\" height=\"600\" data-id=\"223\" src=\"https:\/\/www.malerei-christophersen.de\/wp-content\/uploads\/2020\/01\/7-5.jpg\" alt=\"\" class=\"wp-image-223\" srcset=\"https:\/\/www.malerei-christophersen.de\/wp-content\/uploads\/2020\/01\/7-5.jpg 800w, https:\/\/www.malerei-christophersen.de\/wp-content\/uploads\/2020\/01\/7-5-300x225.jpg 300w, https:\/\/www.malerei-christophersen.de\/wp-content\/uploads\/2020\/01\/7-5-768x576.jpg 768w\" sizes=\"auto, (max-width: 800px) 100vw, 800px\" \/><\/a><\/figure>\n<\/figure>\n\n\n\n<div class=\"wp-block-ugb-divider ugb-divider ugb-765e10c ugb-divider--v2 ugb-divider--design-basic ugb-main-block\"><style>.ugb-765e10c hr.ugb-divider__hr{margin-left:auto !important;margin-right:auto !important}<\/style><div class=\"ugb-inner-block\"><div class=\"ugb-block-content\"><hr class=\"ugb-divider__hr\"\/><\/div><\/div><\/div>\n\n\n\n<h2 class=\"wp-block-heading has-text-align-center\"> Rostimitation <\/h2>\n\n\n\n<p class=\"has-text-align-center\">Eine Rostoptik \u00fcberrascht und begeistert gleicherma\u00dfen. Er erz\u00e4hlt die  Geschichte von sch\u00f6n gealtertem Eisen und macht W\u00e4nde zu wahren  Kunstwerken. Der Clou bei unserer Technik: Die Fl\u00e4che wird metallisch  und kann mit Magneten als Infoboard genutzt werden. <\/p>\n\n\n\n<figure class=\"wp-block-gallery has-nested-images columns-default is-cropped mymaxsize wp-block-gallery-4 is-layout-flex wp-block-gallery-is-layout-flex\">\n<figure class=\"wp-block-image size-large\"><a href=\"https:\/\/www.malerei-christophersen.de\/wp-content\/uploads\/2020\/01\/1-7.jpg\"><img loading=\"lazy\" decoding=\"async\" width=\"1024\" height=\"685\" data-id=\"225\" src=\"https:\/\/www.malerei-christophersen.de\/wp-content\/uploads\/2020\/01\/1-7-1024x685.jpg\" alt=\"\" class=\"wp-image-225\" srcset=\"https:\/\/www.malerei-christophersen.de\/wp-content\/uploads\/2020\/01\/1-7-1024x685.jpg 1024w, https:\/\/www.malerei-christophersen.de\/wp-content\/uploads\/2020\/01\/1-7-300x201.jpg 300w, https:\/\/www.malerei-christophersen.de\/wp-content\/uploads\/2020\/01\/1-7-768x514.jpg 768w, https:\/\/www.malerei-christophersen.de\/wp-content\/uploads\/2020\/01\/1-7-600x400.jpg 600w, https:\/\/www.malerei-christophersen.de\/wp-content\/uploads\/2020\/01\/1-7.jpg 1400w\" sizes=\"auto, (max-width: 1024px) 100vw, 1024px\" \/><\/a><\/figure>\n\n\n\n<figure class=\"wp-block-image size-large\"><a href=\"https:\/\/www.malerei-christophersen.de\/wp-content\/uploads\/2020\/01\/2-6.jpg\"><img loading=\"lazy\" decoding=\"async\" width=\"1024\" height=\"767\" data-id=\"226\" src=\"https:\/\/www.malerei-christophersen.de\/wp-content\/uploads\/2020\/01\/2-6-1024x767.jpg\" alt=\"\" class=\"wp-image-226\" srcset=\"https:\/\/www.malerei-christophersen.de\/wp-content\/uploads\/2020\/01\/2-6-1024x767.jpg 1024w, https:\/\/www.malerei-christophersen.de\/wp-content\/uploads\/2020\/01\/2-6-300x225.jpg 300w, https:\/\/www.malerei-christophersen.de\/wp-content\/uploads\/2020\/01\/2-6-768x575.jpg 768w, https:\/\/www.malerei-christophersen.de\/wp-content\/uploads\/2020\/01\/2-6.jpg 1400w\" sizes=\"auto, (max-width: 1024px) 100vw, 1024px\" \/><\/a><\/figure>\n\n\n\n<figure class=\"wp-block-image size-large\"><a href=\"https:\/\/www.malerei-christophersen.de\/wp-content\/uploads\/2020\/01\/3-5.jpg\"><img loading=\"lazy\" decoding=\"async\" width=\"1024\" height=\"767\" data-id=\"227\" src=\"https:\/\/www.malerei-christophersen.de\/wp-content\/uploads\/2020\/01\/3-5-1024x767.jpg\" alt=\"\" class=\"wp-image-227\" srcset=\"https:\/\/www.malerei-christophersen.de\/wp-content\/uploads\/2020\/01\/3-5-1024x767.jpg 1024w, https:\/\/www.malerei-christophersen.de\/wp-content\/uploads\/2020\/01\/3-5-300x225.jpg 300w, https:\/\/www.malerei-christophersen.de\/wp-content\/uploads\/2020\/01\/3-5-768x575.jpg 768w, https:\/\/www.malerei-christophersen.de\/wp-content\/uploads\/2020\/01\/3-5.jpg 1400w\" sizes=\"auto, (max-width: 1024px) 100vw, 1024px\" \/><\/a><\/figure>\n<\/figure>\n\n\n\n<div class=\"wp-block-ugb-divider ugb-divider ugb-ece5c68 ugb-divider--v2 ugb-divider--design-basic ugb-main-block\"><style>.ugb-ece5c68 hr.ugb-divider__hr{margin-left:auto !important;margin-right:auto !important}<\/style><div class=\"ugb-inner-block\"><div class=\"ugb-block-content\"><hr class=\"ugb-divider__hr\"\/><\/div><\/div><\/div>\n\n\n\n<h2 class=\"wp-block-heading has-text-align-center\"> Wandanstriche <\/h2>\n\n\n\n<p><\/p>\n\n\n\n<p class=\"has-text-align-center\">W\u00e4nde bilden die typischen Anstrichfl\u00e4chen in R\u00e4umen. Der Anstrich  richtet sich nach Art des Untergrundes und nach den auftretenden  Belastungen, die auf die Wand einwirken. Oft wird eine Untertapete, wie  zum Beispiel ein Glasvlies oder eine Raufasertapete, tapeziert um eine  gleichm\u00e4\u00dfige Oberfl\u00e4che zu schaffen. <\/p>\n\n\n\n<figure class=\"wp-block-gallery has-nested-images columns-default is-cropped mymaxsize wp-block-gallery-5 is-layout-flex wp-block-gallery-is-layout-flex\">\n<figure class=\"wp-block-image size-large\"><a href=\"https:\/\/www.malerei-christophersen.de\/wp-content\/uploads\/2020\/01\/2-2.png\"><img loading=\"lazy\" decoding=\"async\" width=\"1024\" height=\"682\" data-id=\"230\" src=\"https:\/\/www.malerei-christophersen.de\/wp-content\/uploads\/2020\/01\/2-2-1024x682.png\" alt=\"\" class=\"wp-image-230\" srcset=\"https:\/\/www.malerei-christophersen.de\/wp-content\/uploads\/2020\/01\/2-2-1024x682.png 1024w, https:\/\/www.malerei-christophersen.de\/wp-content\/uploads\/2020\/01\/2-2-300x200.png 300w, https:\/\/www.malerei-christophersen.de\/wp-content\/uploads\/2020\/01\/2-2-768x512.png 768w, https:\/\/www.malerei-christophersen.de\/wp-content\/uploads\/2020\/01\/2-2-600x400.png 600w, https:\/\/www.malerei-christophersen.de\/wp-content\/uploads\/2020\/01\/2-2.png 1400w\" sizes=\"auto, (max-width: 1024px) 100vw, 1024px\" \/><\/a><\/figure>\n\n\n\n<figure class=\"wp-block-image size-large\"><a href=\"https:\/\/www.malerei-christophersen.de\/wp-content\/uploads\/2020\/01\/3.png\"><img loading=\"lazy\" decoding=\"async\" width=\"1024\" height=\"768\" data-id=\"231\" src=\"https:\/\/www.malerei-christophersen.de\/wp-content\/uploads\/2020\/01\/3-1024x768.png\" alt=\"\" class=\"wp-image-231\" srcset=\"https:\/\/www.malerei-christophersen.de\/wp-content\/uploads\/2020\/01\/3-1024x768.png 1024w, https:\/\/www.malerei-christophersen.de\/wp-content\/uploads\/2020\/01\/3-300x225.png 300w, https:\/\/www.malerei-christophersen.de\/wp-content\/uploads\/2020\/01\/3-768x576.png 768w, https:\/\/www.malerei-christophersen.de\/wp-content\/uploads\/2020\/01\/3.png 1400w\" sizes=\"auto, (max-width: 1024px) 100vw, 1024px\" \/><\/a><\/figure>\n\n\n\n<figure class=\"wp-block-image size-large\"><a href=\"https:\/\/www.malerei-christophersen.de\/wp-content\/uploads\/2020\/01\/5.png\"><img loading=\"lazy\" decoding=\"async\" width=\"1024\" height=\"768\" data-id=\"232\" src=\"https:\/\/www.malerei-christophersen.de\/wp-content\/uploads\/2020\/01\/5-1024x768.png\" alt=\"\" class=\"wp-image-232\" srcset=\"https:\/\/www.malerei-christophersen.de\/wp-content\/uploads\/2020\/01\/5-1024x768.png 1024w, https:\/\/www.malerei-christophersen.de\/wp-content\/uploads\/2020\/01\/5-300x225.png 300w, https:\/\/www.malerei-christophersen.de\/wp-content\/uploads\/2020\/01\/5-768x576.png 768w, https:\/\/www.malerei-christophersen.de\/wp-content\/uploads\/2020\/01\/5.png 1400w\" sizes=\"auto, (max-width: 1024px) 100vw, 1024px\" \/><\/a><\/figure>\n<\/figure>\n\n\n\n<p class=\"has-text-align-center\"> Unsere Wandfarben haben folgende Eigenschaften: <\/p>\n\n\n\n<div class=\"wp-block-ugb-icon-list ugb-icon-list ugb-icon--icon-check ugb-030c307 ugb-icon-list--v2 ugb-main-block ugb--has-custom-content-width\"><style>.ugb-030c307 li::before{background-image:url('data:image\/svg+xml;base64,PHN2ZyB4bWxucz0iaHR0cDovL3d3dy53My5vcmcvMjAwMC9zdmciIHZpZXdCb3g9IjAgMCAxOTAgMTkwIj48cG9seWdvbiBwb2ludHM9IjE3My44LDI4LjQgNjAuNCwxNDEuOCAxNS43LDk3LjIgNS4xLDEwNy44IDYwLjQsMTYzIDE4NC40LDM5IDE3My44LDI4LjQiLz48L3N2Zz4=')}.ugb-030c307.ugb-icon-list ul{columns:2}.ugb-030c307.ugb-icon-list{justify-content:center}.ugb-030c307.ugb-icon-list > .ugb-inner-block{max-width:800px !important}<\/style><div class=\"ugb-inner-block\"><div class=\"ugb-block-content\"><ul><li>wasch- und scheuerbest\u00e4ndig<\/li><li>weichmacherfrei<\/li><li>l\u00f6semittelfrei<\/li><li>mechanisch belastbar<\/li><li>atmungsaktiv<\/li><li>f\u00fcr Asthmatiker und Allergiker geeignet<\/li><li>umweltschohnend<\/li><li>hydrophobierend (wasserabweisend)<\/li><\/ul><\/div><\/div><\/div>\n\n\n\n<div style=\"height:46px\" aria-hidden=\"true\" class=\"wp-block-spacer\"><\/div>\n\n\n\n<div class=\"wp-block-ugb-cta ugb-cta ugb-90e0fc0 ugb-cta ugb-cta--v2 ugb-main-block\"><style>.ugb-90e0fc0 .ugb-button{background-color:#b82424}.ugb-90e0fc0 .ugb-button .ugb-button--inner,.ugb-90e0fc0 .ugb-button svg:not(.ugb-custom-icon){color:#ffffff !important}<\/style><div class=\"ugb-inner-block\"><div class=\"ugb-block-content\"><div class=\"ugb-cta__item\"><h3 class=\"ugb-cta__title\">Interesse geweckt?<\/h3><p class=\"ugb-cta__description\">Vereinbaren Sie f\u00fcr eine pers\u00f6nliche Beratung einen Termin mit uns<\/p><div class=\"ugb-button-container\"><a class=\"ugb-button ugb-button--size-normal\" href=\"https:\/\/www.malerei-christophersen.de\/?page_id=43\" rel=\"\" title=\"\"><span class=\"ugb-button--inner\">Termin vereinbaren<\/span><\/a><\/div><\/div><\/div><\/div><\/div>\n","protected":false},"excerpt":{"rendered":"<p>Farbe spricht B\u00e4nde \u00fcber Ihr Zuhause. Farbe bestimmt nicht nur, wie ihre Wohnr\u00e4ume aussehen, sondern auch,wie man sich in ihnen f\u00fchlt. Mit unserer langj\u00e4hrigen Erfahrung und unserem fachlichen Wissen \u00fcber Farbharmonien und Projektrealisation helfen wir Ihnen sich in Ihren R\u00e4umen wohl zu f\u00fchlen. Spachteltechnik Lasurtechnik Die Spachteltechnik ist eine Wandgestaltung bei der mittels einer Spachtel [&hellip;]<\/p>\n","protected":false},"author":1,"featured_media":0,"parent":0,"menu_order":0,"comment_status":"closed","ping_status":"closed","template":"","meta":{"_uag_custom_page_level_css":"","footnotes":""},"class_list":["post-207","page","type-page","status-publish","hentry"],"featured_image_urls_v2":{"full":"","thumbnail":"","medium":"","medium_large":"","large":"","1536x1536":"","2048x2048":""},"post_excerpt_stackable_v2":"<p>Farbe spricht B\u00e4nde \u00fcber Ihr Zuhause. Farbe bestimmt nicht nur, wie ihre Wohnr\u00e4ume aussehen, sondern auch,wie man sich in ihnen f\u00fchlt. Mit unserer langj\u00e4hrigen Erfahrung und unserem fachlichen Wissen \u00fcber Farbharmonien und Projektrealisation helfen wir Ihnen sich in Ihren R\u00e4umen wohl zu f\u00fchlen. Spachteltechnik Lasurtechnik Die Spachteltechnik ist eine Wandgestaltung bei der mittels einer Spachtel eine feine Masse aufgetragen wird. Die Spachtelschl\u00e4ge bleiben dabei deutlich zu sehen. Ihre Transparenz ergibt zusammen mit dem Durcheinander und \u00dcbereinander der Schl\u00e4ge ein sehr faszinierendes und elegantes Bild. Lasieren ist ein Farbauftrag, bei dem der Untergrund durchschimmert. Die Lasur kann ganz zart sein und&hellip;<\/p>\n","category_list_v2":"","author_info_v2":{"name":"admin","url":"https:\/\/www.malerei-christophersen.de\/?author=1"},"comments_num_v2":"0 comments","featured_image_src":null,"uagb_featured_image_src":{"full":false,"thumbnail":false,"medium":false,"medium_large":false,"large":false,"1536x1536":false,"2048x2048":false},"uagb_author_info":{"display_name":"admin","author_link":"https:\/\/www.malerei-christophersen.de\/?author=1"},"uagb_comment_info":0,"uagb_excerpt":"Farbe spricht B\u00e4nde \u00fcber Ihr Zuhause. Farbe bestimmt nicht nur, wie ihre Wohnr\u00e4ume aussehen, sondern auch,wie man sich in ihnen f\u00fchlt. Mit unserer langj\u00e4hrigen Erfahrung und unserem fachlichen Wissen \u00fcber Farbharmonien und Projektrealisation helfen wir Ihnen sich in Ihren R\u00e4umen wohl zu f\u00fchlen. Spachteltechnik Lasurtechnik Die Spachteltechnik ist eine Wandgestaltung bei der mittels einer Spachtel&hellip;","_links":{"self":[{"href":"https:\/\/www.malerei-christophersen.de\/index.php?rest_route=\/wp\/v2\/pages\/207","targetHints":{"allow":["GET"]}}],"collection":[{"href":"https:\/\/www.malerei-christophersen.de\/index.php?rest_route=\/wp\/v2\/pages"}],"about":[{"href":"https:\/\/www.malerei-christophersen.de\/index.php?rest_route=\/wp\/v2\/types\/page"}],"author":[{"embeddable":true,"href":"https:\/\/www.malerei-christophersen.de\/index.php?rest_route=\/wp\/v2\/users\/1"}],"replies":[{"embeddable":true,"href":"https:\/\/www.malerei-christophersen.de\/index.php?rest_route=%2Fwp%2Fv2%2Fcomments&post=207"}],"version-history":[{"count":8,"href":"https:\/\/www.malerei-christophersen.de\/index.php?rest_route=\/wp\/v2\/pages\/207\/revisions"}],"predecessor-version":[{"id":699,"href":"https:\/\/www.malerei-christophersen.de\/index.php?rest_route=\/wp\/v2\/pages\/207\/revisions\/699"}],"wp:attachment":[{"href":"https:\/\/www.malerei-christophersen.de\/index.php?rest_route=%2Fwp%2Fv2%2Fmedia&parent=207"}],"curies":[{"name":"wp","href":"https:\/\/api.w.org\/{rel}","templated":true}]}}